{"id":1062,"date":"2024-05-02T11:20:50","date_gmt":"2024-05-02T11:20:50","guid":{"rendered":"https:\/\/altrixsync.pro\/?page_id=1062"},"modified":"2025-12-17T10:13:05","modified_gmt":"2025-12-17T10:13:05","slug":"termini-e-condizioni","status":"publish","type":"page","link":"https:\/\/altrixsync.pro\/it\/terms-and-conditions\/","title":{"rendered":"Termini e Condizioni"},"content":{"rendered":"<div data-elementor-type=\"wp-page\" data-elementor-id=\"1062\" class=\"elementor elementor-1062\" data-elementor-post-type=\"page\">\n\t\t\t\t<div class=\"elementor-element elementor-element-7368ea8 e-flex e-con-boxed e-con e-parent\" data-id=\"7368ea8\" data-element_type=\"container\" data-e-type=\"container\">\n\t\t\t\t\t<div class=\"e-con-inner\">\n\t\t\t\t<div class=\"elementor-element elementor-element-06f2454 elementor-widget elementor-widget-spacer\" data-id=\"06f2454\" data-element_type=\"widget\" data-e-type=\"widget\" data-widget_type=\"spacer.default\">\n\t\t\t\t<div class=\"elementor-widget-container\">\n\t\t\t\t\t\t\t<div class=\"elementor-spacer\">\n\t\t\t<div class=\"elementor-spacer-inner\"><\/div>\n\t\t<\/div>\n\t\t\t\t\t\t<\/div>\n\t\t\t\t<\/div>\n\t\t\t\t<div class=\"elementor-element elementor-element-d6bcca4 elementor-widget elementor-widget-heading\" data-id=\"d6bcca4\" data-element_type=\"widget\" data-e-type=\"widget\" data-widget_type=\"heading.default\">\n\t\t\t\t<div class=\"elementor-widget-container\">\n\t\t\t\t\t<h1 class=\"elementor-heading-title elementor-size-default\">Termini e Condizioni\n<\/h1>\t\t\t\t<\/div>\n\t\t\t\t<\/div>\n\t\t\t\t<div class=\"elementor-element elementor-element-610dd23 elementor-widget elementor-widget-text-editor\" data-id=\"610dd23\" data-element_type=\"widget\" data-e-type=\"widget\" data-widget_type=\"text-editor.default\">\n\t\t\t\t<div class=\"elementor-widget-container\">\n\t\t\t\t\t\t\t\t\t<p>Benvenuti ad Altrixsync, la vostra destinazione principale per i segnali di trading robot automatizzati. Utilizzando i nostri servizi, accettate di essere vincolati dai seguenti Termini e Condizioni. Si prega di leggerli attentamente prima di procedere con qualsiasi transazione o abbonamento.<\/p>\t\t\t\t\t\t\t\t<\/div>\n\t\t\t\t<\/div>\n\t\t\t\t<div class=\"elementor-element elementor-element-69f1315 elementor-widget elementor-widget-heading\" data-id=\"69f1315\" data-element_type=\"widget\" data-e-type=\"widget\" data-widget_type=\"heading.default\">\n\t\t\t\t<div class=\"elementor-widget-container\">\n\t\t\t\t\t<h2 class=\"elementor-heading-title elementor-size-default\">Termini e Condizioni<\/h2>\t\t\t\t<\/div>\n\t\t\t\t<\/div>\n\t\t\t\t<div class=\"elementor-element elementor-element-9cc1b6a elementor-widget elementor-widget-text-editor\" data-id=\"9cc1b6a\" data-element_type=\"widget\" data-e-type=\"widget\" data-widget_type=\"text-editor.default\">\n\t\t\t\t<div class=\"elementor-widget-container\">\n\t\t\t\t\t\t\t\t\t<p>Accettazione dei Termini Accedendo o utilizzando Altrixsync, riconosci di aver letto, compreso e accettato di rispettare questi Termini e Condizioni. Se non sei d'accordo con una qualsiasi parte di questi termini, non devi utilizzare i nostri servizi.<br \/>Descrizione dei servizi,<b> Altrixsync<\/b><b>\u00a0<\/b>fornisce robot di trading online per vari mercati finanziari. I nostri algoritmi proprietari generano trading in base all'analisi di mercato. Tuttavia, tieni presente che le performance passate non garantiscono risultati futuri e il trading comporta dei rischi.<\/p><p>Idoneit\u00e0 dell'utente Devi avere almeno 18 anni ed essere legalmente idoneo a stipulare contratti per utilizzare i nostri servizi. Accedendo ad Altrixsync, confermi di soddisfare questi requisiti e di essere responsabile del rispetto di tutte le leggi e normative applicabili nella tua giurisdizione.<\/p><p>Abbonamento e Pagamento Per accedere al nostro robot\u00a0<a href=\"https:\/\/www.investopedia.com\/terms\/t\/trade-signal.asp\" target=\"_blank\" rel=\"noopener\">segnali di trading<\/a>, potrebbe essere necessario abbonarsi a uno dei nostri piani di servizio. Le tariffe di abbonamento saranno chiaramente indicate sul nostro sito Web e accetti di pagare le tariffe specificate per la durata scelta. I pagamenti non sono rimborsabili e sei responsabile di eventuali tasse o spese sostenute in relazione alle transazioni.<\/p><p>Rischi e responsabilit\u00e0 Il trading comporta rischi finanziari e, sebbene il nostro robot miri a fornire informazioni accurate, non possiamo garantire profitti o prevenire perdite. Riconosci di essere l'unico responsabile dei risultati delle tue decisioni di trading e di qualsiasi conseguenza finanziaria derivante dall'utilizzo dei nostri servizi. Altrixsync, le sue affiliate e i suoi dipendenti non saranno ritenuti responsabili per eventuali perdite subite durante l'utilizzo dei nostri servizi.<\/p><p>Solo per uso personale I segnali forniti da Altrixsync sono solo per uso personale. \u00c8 severamente vietato ridistribuire, rivendere o altrimenti sfruttare commercialmente i nostri segnali senza il previo consenso scritto di Altrixsync.<\/p><p>Condotta dell'utente Accetti di utilizzare i nostri servizi in conformit\u00e0 con tutte le leggi e i regolamenti applicabili. Non devi intraprendere alcuna attivit\u00e0 che potrebbe interrompere, danneggiare o compromettere la funzionalit\u00e0 di Altrixsync o dei suoi servizi associati.<\/p><p>Propriet\u00e0 intellettuale Tutti i contenuti, inclusi ma non limitati a loghi, marchi, testi, immagini e software utilizzati su Altrixsync, sono protetti dalle leggi sulla propriet\u00e0 intellettuale e sono di esclusiva propriet\u00e0 di Altrixsync o dei suoi licenziatari. Non puoi utilizzare, riprodurre, modificare o distribuire alcun contenuto senza il nostro espresso consenso scritto.<\/p><p>Cessazione dei servizi Altrixsync<b>\u00a0<\/b>si riserva il diritto di sospendere o terminare l'accesso ai nostri servizi in qualsiasi momento e per qualsiasi motivo, incluso il sospetto di violazione dei presenti Termini e Condizioni o il coinvolgimento in attivit\u00e0 fraudolente.<\/p><p class=\"translation-block\">Modifiche ai Termini<b> Altrixsync <\/b>pu\u00f2 aggiornare o modificare questi Termini e Condizioni in qualsiasi momento senza preavviso. Continuando a utilizzare i nostri servizi dopo tali modifiche, accetti di essere vincolato dai Termini e Condizioni aggiornati.<\/p><p>Informativa sulla privacy La tua privacy \u00e8 importante per noi. Ti preghiamo di fare riferimento alla nostra Informativa sulla privacy per comprendere come raccogliamo, utilizziamo e proteggiamo le tue informazioni personali.<\/p><p>Legge applicabile e giurisdizione I presenti Termini e Condizioni saranno regolati e interpretati in conformit\u00e0 con le leggi, senza riguardo ai principi di conflitto di leggi. Qualsiasi controversia derivante da o correlata a questi termini sar\u00e0 soggetta alla giurisdizione esclusiva dei tribunali.<\/p><p class=\"translation-block\">Il robot dell'algoritmo di trading richiede il software di trading MetaTrader 5 e un servizio di brokeraggio per eseguire ordini di acquisto e vendita e fornire liquidit\u00e0 quando necessario.<\/p>\t\t\t\t\t\t\t\t<\/div>\n\t\t\t\t<\/div>\n\t\t\t\t<div class=\"elementor-element elementor-element-91b1c6c elementor-widget elementor-widget-text-editor\" data-id=\"91b1c6c\" data-element_type=\"widget\" data-e-type=\"widget\" data-widget_type=\"text-editor.default\">\n\t\t\t\t<div class=\"elementor-widget-container\">\n\t\t\t\t\t\t\t\t\t<p><b>il cliente deve leggere e accettare i termini e le condizioni del broker.<\/b><\/p><p>By using Altrixsync, you agree to these Terms and Conditions, and we look forward to providing you with a robot trading service. If you have any questions or concerns, please contact our customer support team\u00a0 at <a href=\"mailto:support@altrixsync.pro\">support@altrixsync.pro<\/a><\/p>\t\t\t\t\t\t\t\t<\/div>\n\t\t\t\t<\/div>\n\t\t\t\t<div class=\"elementor-element elementor-element-8a26e59 elementor-widget elementor-widget-spacer\" data-id=\"8a26e59\" data-element_type=\"widget\" data-e-type=\"widget\" data-widget_type=\"spacer.default\">\n\t\t\t\t<div class=\"elementor-widget-container\">\n\t\t\t\t\t\t\t<div class=\"elementor-spacer\">\n\t\t\t<div class=\"elementor-spacer-inner\"><\/div>\n\t\t<\/div>\n\t\t\t\t\t\t<\/div>\n\t\t\t\t<\/div>\n\t\t\t\t\t<\/div>\n\t\t\t\t<\/div>\n\t\t\t\t<\/div>","protected":false},"excerpt":{"rendered":"<p>Terms and Conditions Welcome to\u00a0 Altrixsync, your premier destination for automated robot trading signals. By using our services, you agree to be bound by the following Terms and Conditions. Please read them carefully before proceeding with any transactions or subscriptions. Terms and Conditions Acceptance of Terms By accessing or using Altrixsync, you acknowledge that you [&hellip;]<\/p>\n","protected":false},"author":1,"featured_media":0,"parent":0,"menu_order":0,"comment_status":"closed","ping_status":"closed","template":"","meta":{"footnotes":""},"class_list":["post-1062","page","type-page","status-publish","hentry"],"_links":{"self":[{"href":"https:\/\/altrixsync.pro\/it\/wp-json\/wp\/v2\/pages\/1062","targetHints":{"allow":["GET"]}}],"collection":[{"href":"https:\/\/altrixsync.pro\/it\/wp-json\/wp\/v2\/pages"}],"about":[{"href":"https:\/\/altrixsync.pro\/it\/wp-json\/wp\/v2\/types\/page"}],"author":[{"embeddable":true,"href":"https:\/\/altrixsync.pro\/it\/wp-json\/wp\/v2\/users\/1"}],"replies":[{"embeddable":true,"href":"https:\/\/altrixsync.pro\/it\/wp-json\/wp\/v2\/comments?post=1062"}],"version-history":[{"count":0,"href":"https:\/\/altrixsync.pro\/it\/wp-json\/wp\/v2\/pages\/1062\/revisions"}],"wp:attachment":[{"href":"https:\/\/altrixsync.pro\/it\/wp-json\/wp\/v2\/media?parent=1062"}],"curies":[{"name":"wp","href":"https:\/\/api.w.org\/{rel}","templated":true}]}}