{"id":1000,"date":"2024-05-02T08:53:55","date_gmt":"2024-05-02T08:53:55","guid":{"rendered":"https:\/\/altrixsync.pro\/?page_id=1000"},"modified":"2025-04-30T10:35:16","modified_gmt":"2025-04-30T10:35:16","slug":"politica-sulla-riservatezza","status":"publish","type":"page","link":"https:\/\/altrixsync.pro\/it\/privacy-policy\/","title":{"rendered":"politica sulla riservatezza"},"content":{"rendered":"<div data-elementor-type=\"wp-page\" data-elementor-id=\"1000\" class=\"elementor elementor-1000\" data-elementor-post-type=\"page\">\n\t\t\t\t<div class=\"elementor-element elementor-element-1069f53 e-flex e-con-boxed e-con e-parent\" data-id=\"1069f53\" data-element_type=\"container\" data-e-type=\"container\">\n\t\t\t\t\t<div class=\"e-con-inner\">\n\t\t\t\t<div class=\"elementor-element elementor-element-06ce001 elementor-widget elementor-widget-spacer\" data-id=\"06ce001\" data-element_type=\"widget\" data-e-type=\"widget\" data-widget_type=\"spacer.default\">\n\t\t\t\t<div class=\"elementor-widget-container\">\n\t\t\t\t\t\t\t<div class=\"elementor-spacer\">\n\t\t\t<div class=\"elementor-spacer-inner\"><\/div>\n\t\t<\/div>\n\t\t\t\t\t\t<\/div>\n\t\t\t\t<\/div>\n\t\t\t\t<div class=\"elementor-element elementor-element-7ac1748 elementor-widget elementor-widget-heading\" data-id=\"7ac1748\" data-element_type=\"widget\" data-e-type=\"widget\" data-widget_type=\"heading.default\">\n\t\t\t\t<div class=\"elementor-widget-container\">\n\t\t\t\t\t<h1 class=\"elementor-heading-title elementor-size-default\">politica sulla riservatezza <\/h1>\t\t\t\t<\/div>\n\t\t\t\t<\/div>\n\t\t\t\t<div class=\"elementor-element elementor-element-9511253 elementor-widget elementor-widget-text-editor\" data-id=\"9511253\" data-element_type=\"widget\" data-e-type=\"widget\" data-widget_type=\"text-editor.default\">\n\t\t\t\t<div class=\"elementor-widget-container\">\n\t\t\t\t\t\t\t\t\t<p>La presente informativa sulla privacy si applica ad Altrixsync (di seguito denominata \"Applicazione\") per dispositivi mobili (di seguito denominata \"Fornitore di servizi\") come servizio gratuito. Questo servizio \u00e8 destinato all'uso \"COS\u00cc COM'\u00c8\".<\/p>\t\t\t\t\t\t\t\t<\/div>\n\t\t\t\t<\/div>\n\t\t\t\t<div class=\"elementor-element elementor-element-e1856c5 elementor-widget elementor-widget-heading\" data-id=\"e1856c5\" data-element_type=\"widget\" data-e-type=\"widget\" data-widget_type=\"heading.default\">\n\t\t\t\t<div class=\"elementor-widget-container\">\n\t\t\t\t\t<h2 class=\"elementor-heading-title elementor-size-default\">Raccolta e utilizzo delle informazioni<\/h2>\t\t\t\t<\/div>\n\t\t\t\t<\/div>\n\t\t\t\t<div class=\"elementor-element elementor-element-668746b elementor-widget elementor-widget-text-editor\" data-id=\"668746b\" data-element_type=\"widget\" data-e-type=\"widget\" data-widget_type=\"text-editor.default\">\n\t\t\t\t<div class=\"elementor-widget-container\">\n\t\t\t\t\t\t\t\t\t<p>L'Applicazione raccoglie informazioni quando la scarichi e la utilizzi. Tali informazioni possono includere informazioni quali<\/p><ul><li>L'indirizzo del protocollo Internet del tuo dispositivo (ad esempio indirizzo IP)<\/li><li>Il tempo trascorso sull'applicazione<\/li><li>Il sistema operativo che utilizzi sul tuo dispositivo mobile\u00a0<\/li><\/ul><p>L'Applicazione non raccoglie informazioni precise sulla posizione del tuo dispositivo mobile.\u00a0<\/p><p>Il Fornitore del servizio pu\u00f2 utilizzare le informazioni da te fornite per contattarti di tanto in tanto per fornirti informazioni importanti, avvisi obbligatori e promozioni di marketing.<\/p><p>Per una migliore esperienza, durante l'utilizzo dell'Applicazione, il Fornitore di servizi potrebbe richiederti di fornirci alcune informazioni personali identificabili, tra cui, a titolo esemplificativo ma non esaustivo, Nome, Cognome, E-mail, Numero di telefono. Le informazioni richieste dal Fornitore di servizi saranno da lui conservate e utilizzate come descritto nella presente informativa sulla privacy.<\/p>\t\t\t\t\t\t\t\t<\/div>\n\t\t\t\t<\/div>\n\t\t\t\t<div class=\"elementor-element elementor-element-518e2c3 elementor-widget elementor-widget-heading\" data-id=\"518e2c3\" data-element_type=\"widget\" data-e-type=\"widget\" data-widget_type=\"heading.default\">\n\t\t\t\t<div class=\"elementor-widget-container\">\n\t\t\t\t\t<h2 class=\"elementor-heading-title elementor-size-default\">Accesso di terze parti<\/h2>\t\t\t\t<\/div>\n\t\t\t\t<\/div>\n\t\t\t\t<div class=\"elementor-element elementor-element-1f6893b elementor-widget elementor-widget-text-editor\" data-id=\"1f6893b\" data-element_type=\"widget\" data-e-type=\"widget\" data-widget_type=\"text-editor.default\">\n\t\t\t\t<div class=\"elementor-widget-container\">\n\t\t\t\t\t\t\t\t\t<p>Solo dati aggregati e resi anonimi vengono trasmessi periodicamente a servizi esterni per aiutare il Fornitore di servizi a migliorare l'Applicazione e il suo servizio. Il Fornitore di servizi pu\u00f2 condividere le tue informazioni con terze parti nei modi descritti nella presente informativa sulla privacy.<\/p><p>Si prega di notare che l'Applicazione utilizza servizi di terze parti che hanno una propria Informativa sulla privacy in merito alla gestione dei dati. Di seguito sono riportati i link all'Informativa sulla privacy dei fornitori di servizi di terze parti utilizzati dall'Applicazione:<\/p><ul><li><a href=\"https:\/\/www.google.com\/policies\/privacy\/\" target=\"_blank\" rel=\"noopener\">Servizi di Google Play<\/a><\/li><\/ul><p>Il fornitore del servizio pu\u00f2 divulgare le informazioni fornite dall'utente e quelle raccolte automaticamente:<\/p><ul><li>come richiesto dalla legge, ad esempio per ottemperare a una citazione in giudizio o a un procedimento legale simile;<\/li><li>quando ritengono in buona fede che la divulgazione sia necessaria per proteggere i propri diritti, proteggere la tua sicurezza o quella di altri, indagare su frodi o rispondere a una richiesta governativa;<\/li><li>con i loro fornitori di servizi di fiducia che lavorano per loro conto, non hanno un uso indipendente delle informazioni che divulghiamo loro e hanno accettato di rispettare le regole stabilite nella presente informativa sulla privacy.<\/li><\/ul>\t\t\t\t\t\t\t\t<\/div>\n\t\t\t\t<\/div>\n\t\t\t\t<div class=\"elementor-element elementor-element-8294123 elementor-widget elementor-widget-heading\" data-id=\"8294123\" data-element_type=\"widget\" data-e-type=\"widget\" data-widget_type=\"heading.default\">\n\t\t\t\t<div class=\"elementor-widget-container\">\n\t\t\t\t\t<h2 class=\"elementor-heading-title elementor-size-default\">Diritti di esclusione<\/h2>\t\t\t\t<\/div>\n\t\t\t\t<\/div>\n\t\t\t\t<div class=\"elementor-element elementor-element-72308a6 elementor-widget elementor-widget-text-editor\" data-id=\"72308a6\" data-element_type=\"widget\" data-e-type=\"widget\" data-widget_type=\"text-editor.default\">\n\t\t\t\t<div class=\"elementor-widget-container\">\n\t\t\t\t\t\t\t\t\t<p>Puoi interrompere facilmente tutta la raccolta di informazioni da parte dell'Applicazione disinstallandola. Puoi utilizzare i processi di disinstallazione standard che potrebbero essere disponibili come parte del tuo dispositivo mobile o tramite il marketplace o la rete delle applicazioni mobili.<\/p>\t\t\t\t\t\t\t\t<\/div>\n\t\t\t\t<\/div>\n\t\t\t\t<div class=\"elementor-element elementor-element-13e6ac8 elementor-widget elementor-widget-heading\" data-id=\"13e6ac8\" data-element_type=\"widget\" data-e-type=\"widget\" data-widget_type=\"heading.default\">\n\t\t\t\t<div class=\"elementor-widget-container\">\n\t\t\t\t\t<h2 class=\"elementor-heading-title elementor-size-default\">Politica di conservazione dei dati<\/h2>\t\t\t\t<\/div>\n\t\t\t\t<\/div>\n\t\t\t\t<div class=\"elementor-element elementor-element-0329526 elementor-widget elementor-widget-text-editor\" data-id=\"0329526\" data-element_type=\"widget\" data-e-type=\"widget\" data-widget_type=\"text-editor.default\">\n\t\t\t\t<div class=\"elementor-widget-container\">\n\t\t\t\t\t\t\t\t\t<p>Il Fornitore di servizi conserver\u00e0 i dati forniti dall'utente per tutto il tempo in cui utilizzi l'Applicazione e per un periodo di tempo ragionevole in seguito. Se desideri che eliminino i Dati forniti dall'utente che hai fornito tramite l'Applicazione, contattali all'indirizzo <a href=\"mailto:support@altrixsync.pro\"><strong>support@altrixsync.pro<\/strong><\/a> e risponderanno in tempi ragionevoli.<\/p>\t\t\t\t\t\t\t\t<\/div>\n\t\t\t\t<\/div>\n\t\t\t\t<div class=\"elementor-element elementor-element-eb4c3ef elementor-widget elementor-widget-heading\" data-id=\"eb4c3ef\" data-element_type=\"widget\" data-e-type=\"widget\" data-widget_type=\"heading.default\">\n\t\t\t\t<div class=\"elementor-widget-container\">\n\t\t\t\t\t<h2 class=\"elementor-heading-title elementor-size-default\">Bambini<\/h2>\t\t\t\t<\/div>\n\t\t\t\t<\/div>\n\t\t\t\t<div class=\"elementor-element elementor-element-89ff289 elementor-widget elementor-widget-text-editor\" data-id=\"89ff289\" data-element_type=\"widget\" data-e-type=\"widget\" data-widget_type=\"text-editor.default\">\n\t\t\t\t<div class=\"elementor-widget-container\">\n\t\t\t\t\t\t\t\t\t<p>Il Fornitore del servizio non utilizza l'Applicazione per richiedere consapevolmente dati o per fare marketing a bambini di et\u00e0 inferiore ai 18 anni.<\/p><p>L'Applicazione non si rivolge a persone di et\u00e0 inferiore ai 18 anni. Il Fornitore del servizio non raccoglie consapevolmente informazioni personali identificabili da bambini di et\u00e0 inferiore ai 18 anni. Nel caso in cui il Fornitore del servizio scopra che un bambino di et\u00e0 inferiore ai 18 anni ha fornito informazioni personali, il Fornitore del servizio le eliminer\u00e0 immediatamente dai propri server. Se sei un genitore o un tutore e sei a conoscenza del fatto che tuo figlio ci ha fornito informazioni personali, contatta il Fornitore del servizio (<strong>support@altrixsync.pro<\/strong>) affinch\u00e9 possano adottare le misure necessarie.<\/p>\t\t\t\t\t\t\t\t<\/div>\n\t\t\t\t<\/div>\n\t\t\t\t<div class=\"elementor-element elementor-element-829b0fd elementor-widget elementor-widget-heading\" data-id=\"829b0fd\" data-element_type=\"widget\" data-e-type=\"widget\" data-widget_type=\"heading.default\">\n\t\t\t\t<div class=\"elementor-widget-container\">\n\t\t\t\t\t<h2 class=\"elementor-heading-title elementor-size-default\">Sicurezza\n<\/h2>\t\t\t\t<\/div>\n\t\t\t\t<\/div>\n\t\t\t\t<div class=\"elementor-element elementor-element-1e20ac2 elementor-widget elementor-widget-text-editor\" data-id=\"1e20ac2\" data-element_type=\"widget\" data-e-type=\"widget\" data-widget_type=\"text-editor.default\">\n\t\t\t\t<div class=\"elementor-widget-container\">\n\t\t\t\t\t\t\t\t\t<p>La presente Informativa sulla privacy pu\u00f2 essere aggiornata di tanto in tanto per qualsiasi motivo. Il Fornitore di servizi ti informer\u00e0 di eventuali modifiche all'Informativa sulla privacy aggiornando questa pagina con la nuova Informativa sulla privacy. Ti consigliamo di consultare regolarmente la presente Informativa sulla privacy per eventuali modifiche, poich\u00e9 l'uso continuato \u00e8 considerato approvazione di tutte le modifiche.<\/p><p>La presente informativa sulla privacy \u00e8 in vigore a partire dal 2024-01-01<\/p>\t\t\t\t\t\t\t\t<\/div>\n\t\t\t\t<\/div>\n\t\t\t\t<div class=\"elementor-element elementor-element-06fba82 elementor-widget elementor-widget-heading\" data-id=\"06fba82\" data-element_type=\"widget\" data-e-type=\"widget\" data-widget_type=\"heading.default\">\n\t\t\t\t<div class=\"elementor-widget-container\">\n\t\t\t\t\t<h2 class=\"elementor-heading-title elementor-size-default\">Il tuo consenso\n<\/h2>\t\t\t\t<\/div>\n\t\t\t\t<\/div>\n\t\t\t\t<div class=\"elementor-element elementor-element-da9f1b2 elementor-widget elementor-widget-text-editor\" data-id=\"da9f1b2\" data-element_type=\"widget\" data-e-type=\"widget\" data-widget_type=\"text-editor.default\">\n\t\t\t\t<div class=\"elementor-widget-container\">\n\t\t\t\t\t\t\t\t\tUtilizzando l'Applicazione, acconsenti al trattamento dei tuoi dati come stabilito nella presente Informativa sulla privacy e come da noi modificato.\t\t\t\t\t\t\t\t<\/div>\n\t\t\t\t<\/div>\n\t\t\t\t<div class=\"elementor-element elementor-element-0ffe6f9 elementor-widget elementor-widget-heading\" data-id=\"0ffe6f9\" data-element_type=\"widget\" data-e-type=\"widget\" data-widget_type=\"heading.default\">\n\t\t\t\t<div class=\"elementor-widget-container\">\n\t\t\t\t\t<h2 class=\"elementor-heading-title elementor-size-default\">Contattaci\n<\/h2>\t\t\t\t<\/div>\n\t\t\t\t<\/div>\n\t\t\t\t<div class=\"elementor-element elementor-element-e1b63d7 elementor-widget elementor-widget-text-editor\" data-id=\"e1b63d7\" data-element_type=\"widget\" data-e-type=\"widget\" data-widget_type=\"text-editor.default\">\n\t\t\t\t<div class=\"elementor-widget-container\">\n\t\t\t\t\t\t\t\t\tIn caso di domande sulla privacy durante l'utilizzo dell'Applicazione o domande sulle pratiche, contattare il Fornitore del servizio tramite e-mail all'indirizzo <strong>support@altrixsync.pro<\/strong>.\t\t\t\t\t\t\t\t<\/div>\n\t\t\t\t<\/div>\n\t\t\t\t<div class=\"elementor-element elementor-element-30ba81f elementor-widget elementor-widget-spacer\" data-id=\"30ba81f\" data-element_type=\"widget\" data-e-type=\"widget\" data-widget_type=\"spacer.default\">\n\t\t\t\t<div class=\"elementor-widget-container\">\n\t\t\t\t\t\t\t<div class=\"elementor-spacer\">\n\t\t\t<div class=\"elementor-spacer-inner\"><\/div>\n\t\t<\/div>\n\t\t\t\t\t\t<\/div>\n\t\t\t\t<\/div>\n\t\t\t\t\t<\/div>\n\t\t\t\t<\/div>\n\t\t\t\t<\/div>","protected":false},"excerpt":{"rendered":"<p>Privacy Policy This privacy policy applies to the Altrixsync (hereby referred to as \u201cApplication\u201d) for mobile devices (hereby referred to as \u201cService Provider\u201d) as a Free service. This service is intended for use \u201cAS IS\u201d. Information Collection and Use The Application collects information when you download and use it. This information may include information such [&hellip;]<\/p>\n","protected":false},"author":1,"featured_media":0,"parent":0,"menu_order":0,"comment_status":"closed","ping_status":"closed","template":"","meta":{"footnotes":""},"class_list":["post-1000","page","type-page","status-publish","hentry"],"_links":{"self":[{"href":"https:\/\/altrixsync.pro\/it\/wp-json\/wp\/v2\/pages\/1000","targetHints":{"allow":["GET"]}}],"collection":[{"href":"https:\/\/altrixsync.pro\/it\/wp-json\/wp\/v2\/pages"}],"about":[{"href":"https:\/\/altrixsync.pro\/it\/wp-json\/wp\/v2\/types\/page"}],"author":[{"embeddable":true,"href":"https:\/\/altrixsync.pro\/it\/wp-json\/wp\/v2\/users\/1"}],"replies":[{"embeddable":true,"href":"https:\/\/altrixsync.pro\/it\/wp-json\/wp\/v2\/comments?post=1000"}],"version-history":[{"count":0,"href":"https:\/\/altrixsync.pro\/it\/wp-json\/wp\/v2\/pages\/1000\/revisions"}],"wp:attachment":[{"href":"https:\/\/altrixsync.pro\/it\/wp-json\/wp\/v2\/media?parent=1000"}],"curies":[{"name":"wp","href":"https:\/\/api.w.org\/{rel}","templated":true}]}}