{"id":366,"date":"2024-01-04T06:25:17","date_gmt":"2024-01-04T06:25:17","guid":{"rendered":"https:\/\/altrixsync.pro\/?page_id=366"},"modified":"2025-12-17T07:04:31","modified_gmt":"2025-12-17T07:04:31","slug":"contactez-nous","status":"publish","type":"page","link":"https:\/\/altrixsync.pro\/fr\/contact-us\/","title":{"rendered":"Contactez-nous"},"content":{"rendered":"<div data-elementor-type=\"wp-page\" data-elementor-id=\"366\" class=\"elementor elementor-366\" data-elementor-post-type=\"page\">\n\t\t\t\t<div class=\"elementor-element elementor-element-eff9277 e-flex e-con-boxed e-con e-parent\" data-id=\"eff9277\" data-element_type=\"container\" data-e-type=\"container\" data-settings=\"{&quot;background_background&quot;:&quot;classic&quot;}\">\n\t\t\t\t\t<div class=\"e-con-inner\">\n\t\t<div class=\"elementor-element elementor-element-0d3afdb e-con-full e-flex e-con e-child\" data-id=\"0d3afdb\" data-element_type=\"container\" data-e-type=\"container\">\n\t\t\t\t<div class=\"elementor-element elementor-element-e8893e1 elementor-widget elementor-widget-heading\" data-id=\"e8893e1\" data-element_type=\"widget\" data-e-type=\"widget\" data-widget_type=\"heading.default\">\n\t\t\t\t<div class=\"elementor-widget-container\">\n\t\t\t\t\t<h1 class=\"elementor-heading-title elementor-size-default\">Contactez-nous <\/h1>\t\t\t\t<\/div>\n\t\t\t\t<\/div>\n\t\t\t\t<div class=\"elementor-element elementor-element-5ddafc2 elementor-widget elementor-widget-text-editor\" data-id=\"5ddafc2\" data-element_type=\"widget\" data-e-type=\"widget\" data-widget_type=\"text-editor.default\">\n\t\t\t\t<div class=\"elementor-widget-container\">\n\t\t\t\t\t\t\t\t\t<p>\u00c0 <strong>Altrix Sync<\/strong>Vos questions, commentaires et pr\u00e9occupations nous int\u00e9ressent. Besoin d'aide concernant votre abonnement, d'assistance technique ou simplement d'en savoir plus sur nos services\u00a0? Notre \u00e9quipe est l\u00e0 pour vous aider.<\/p>\t\t\t\t\t\t\t\t<\/div>\n\t\t\t\t<\/div>\n\t\t\t\t<div class=\"elementor-element elementor-element-7842d83 elementor-align-justify elementor-widget__width-initial elementor-widget-tablet__width-initial elementor-widget elementor-widget-button\" data-id=\"7842d83\" data-element_type=\"widget\" data-e-type=\"widget\" data-widget_type=\"button.default\">\n\t\t\t\t<div class=\"elementor-widget-container\">\n\t\t\t\t\t\t\t\t\t<div class=\"elementor-button-wrapper\">\n\t\t\t\t\t<a class=\"elementor-button elementor-button-link elementor-size-md\" href=\"#replain-link\">\n\t\t\t\t\t\t<span class=\"elementor-button-content-wrapper\">\n\t\t\t\t\t\t\t\t\t<span class=\"elementor-button-text\">Lancer le chat en direct<\/span>\n\t\t\t\t\t<\/span>\n\t\t\t\t\t<\/a>\n\t\t\t\t<\/div>\n\t\t\t\t\t\t\t\t<\/div>\n\t\t\t\t<\/div>\n\t\t\t\t<\/div>\n\t\t<div class=\"elementor-element elementor-element-38b7508 e-con-full e-flex e-con e-child\" data-id=\"38b7508\" data-element_type=\"container\" data-e-type=\"container\">\n\t\t\t\t<div class=\"elementor-element elementor-element-5377e16 elementor-widget elementor-widget-spacer\" data-id=\"5377e16\" data-element_type=\"widget\" data-e-type=\"widget\" data-widget_type=\"spacer.default\">\n\t\t\t\t<div class=\"elementor-widget-container\">\n\t\t\t\t\t\t\t<div class=\"elementor-spacer\">\n\t\t\t<div class=\"elementor-spacer-inner\"><\/div>\n\t\t<\/div>\n\t\t\t\t\t\t<\/div>\n\t\t\t\t<\/div>\n\t\t\t\t<div class=\"elementor-element elementor-element-c44c268 elementor-widget__width-initial elementor-widget-tablet__width-inherit elementor-widget-mobile__width-initial elementor-widget elementor-widget-shortcode\" data-id=\"c44c268\" data-element_type=\"widget\" data-e-type=\"widget\" data-widget_type=\"shortcode.default\">\n\t\t\t\t<div class=\"elementor-widget-container\">\n\t\t\t\t\t\t\t<div class=\"elementor-shortcode\"><style>\n\t.form-wrapper-trade .formheading {\n\t\tfont-size: ;\n\t\tfont-weight: ;\n\t}\n\n\t@media screen and (max-width: 768px) {\n\t\t.form-wrapper-trade .formheading {\n\t\t\tfont-size: ;\n\t\t\tfont-weight: ;\n\t\t}\n\t}\n\t.form-wrapper-trade,\n\t#customFormWidget {\n\t\tfont-family: 'Poppins', sans-serif;\n\t}\n\t.form-wrapper-trade {\n\t\twidth: 100%;\n\t\tmax-width: 100%; \n\t\tbackground: #030100;\n\t\tmargin: 0 auto;\n\t\tpadding: 25px 30px;\n\t\tborder-radius: 10px;\n\t\tbox-shadow: 0 5px 15px rgba(0,0,0,0.1);\n        \/* margin-bottom: 30px !important; *\/\n\t}\n\t@media screen and (max-width: 991px) {\n\t\t.form-wrapper-trade {\n\t\t\twidth: 100% !important;\n\t\t\tmax-width: 100%;\n\t\t}\n\t}\n\n\t.form-label {\n\t\tdisplay: block;\n\t\tmargin-bottom: 5px;\n\t\tfont-weight: 500;\n\t\tcolor: #ffffff !important;\n\t}\n\tbutton.form-control {\n\t\ttransition: all 0.3s ease;\n\t}\n<\/style>\n<div class=\"form-wrapper-trade\" style=\"max-width: 500px; margin: 0 auto;\">\n\t<div class=\"preloader\" id=\"preloader\"><div class=\"spinner\"><\/div><\/div>\n\n\t<p class=\"formheading form-label\">EXPLOREZ DE NOUVELLES VOIES VERS LA R\u00c9USSITE DU TRADING<\/p>\n\n\t<form id=\"customFormWidget\" autocomplete=\"off\" action=\"\">\n\t\t<div class=\"form-group\">\n\t\t\t<label for=\"firstName\" class=\"form-label\">Pr\u00e9nom<\/label>\n\t\t\t<input id=\"firstName\" name=\"firstName\" type=\"text\" class=\"form-control\" required \/>\n\t\t<\/div>\n\n\t\t<div class=\"form-group\">\n\t\t\t<label for=\"lastName\" class=\"form-label\">Nom de famille<\/label>\n\t\t\t<input id=\"lastName\" name=\"lastName\" type=\"text\" class=\"form-control\" required \/>\n\t\t<\/div>\n\n\t\t<div class=\"form-group\">\n\t\t\t<label for=\"email\" class=\"form-label\">E-mail<\/label>\n\t\t\t<input id=\"email\" name=\"email\" type=\"email\" class=\"form-control\" required \/>\n\t\t<\/div>\n\n\t\t<div class=\"form-group\">\n\t\t\t<label for=\"phone\" class=\"form-label\">Num\u00e9ro de t\u00e9l\u00e9phone<\/label>\n\t\t\t<input id=\"phone\" name=\"phone\" type=\"tel\" class=\"form-control\" style=\"width:100%\" required \/>\n\t\t<\/div>\n\n\t\t<div class=\"form-group\">\n\t\t\t<button \n\t\t\t\t\ttype=\"submit\" \n\t\t\t\t\tclass=\"form-control\"\n\t\t\t\t\tstyle=\"background-color: #e7532b; \t\t\t\t\t\t   color: #ffffff; \t\t\t\t\t\t   border-radius: 5px;\">\n\t\t\t\tINSCRIVEZ-VOUS MAINTENANT\t\t\t<\/button>\n\t\t<\/div>\n\n\t\t<div id=\"formErrorMessage\" class=\"form-message\"><\/div>\n\n\t\t<div class=\"fortp\">\n\t\t\t<p style=\"font-size: 12px;color:#fff;font-family: Poppins, sans-serif;text-align: center\" class=\"translation-block\">En cliquant sur \u00ab\u00a0S\u2019inscrire maintenant\u00a0\u00bb, vous consentez au traitement de vos donn\u00e9es personnelles conform\u00e9ment \u00e0 notre\n\n<a href=\"https:\/\/altrixsync.pro\/fr\/politique-de-confidentialite\/\" style=\"color: white;font-size: 17px;font-weight: bold\" target=\"_self\">Politique de confidentialit\u00e9<\/a>\net \u00e0 nos\n\n<a href=\"https:\/\/altrixsync.pro\/fr\/termes-et-conditions\/\" style=\"color: white;font-size: 17px;font-weight: bold\" target=\"_self\">Conditions g\u00e9n\u00e9rales<\/a>.<\/p>\r\n\t\t<\/div>\n\t<input type=\"hidden\" name=\"trp-form-language\" value=\"fr\"\/><\/form>\n<\/div>\n<\/div>\n\t\t\t\t\t\t<\/div>\n\t\t\t\t<\/div>\n\t\t\t\t<div class=\"elementor-element elementor-element-537e6b4 elementor-widget elementor-widget-spacer\" data-id=\"537e6b4\" data-element_type=\"widget\" data-e-type=\"widget\" data-widget_type=\"spacer.default\">\n\t\t\t\t<div class=\"elementor-widget-container\">\n\t\t\t\t\t\t\t<div class=\"elementor-spacer\">\n\t\t\t<div class=\"elementor-spacer-inner\"><\/div>\n\t\t<\/div>\n\t\t\t\t\t\t<\/div>\n\t\t\t\t<\/div>\n\t\t\t\t<\/div>\n\t\t\t\t\t<\/div>\n\t\t\t\t<\/div>\n\t\t\t\t<\/div>","protected":false},"excerpt":{"rendered":"<p>Contact Us At Altrix Sync, your questions, feedback, and concerns matter to us. Whether you need assistance with your subscription, technical support, or just want to learn more about our services \u2014 our team is ready to assist. Launch Live Chat<\/p>","protected":false},"author":1,"featured_media":0,"parent":0,"menu_order":0,"comment_status":"closed","ping_status":"closed","template":"elementor_header_footer","meta":{"footnotes":""},"class_list":["post-366","page","type-page","status-publish","hentry"],"_links":{"self":[{"href":"https:\/\/altrixsync.pro\/fr\/wp-json\/wp\/v2\/pages\/366","targetHints":{"allow":["GET"]}}],"collection":[{"href":"https:\/\/altrixsync.pro\/fr\/wp-json\/wp\/v2\/pages"}],"about":[{"href":"https:\/\/altrixsync.pro\/fr\/wp-json\/wp\/v2\/types\/page"}],"author":[{"embeddable":true,"href":"https:\/\/altrixsync.pro\/fr\/wp-json\/wp\/v2\/users\/1"}],"replies":[{"embeddable":true,"href":"https:\/\/altrixsync.pro\/fr\/wp-json\/wp\/v2\/comments?post=366"}],"version-history":[{"count":0,"href":"https:\/\/altrixsync.pro\/fr\/wp-json\/wp\/v2\/pages\/366\/revisions"}],"wp:attachment":[{"href":"https:\/\/altrixsync.pro\/fr\/wp-json\/wp\/v2\/media?parent=366"}],"curies":[{"name":"wp","href":"https:\/\/api.w.org\/{rel}","templated":true}]}}