{"id":1062,"date":"2024-05-02T11:20:50","date_gmt":"2024-05-02T11:20:50","guid":{"rendered":"https:\/\/altrixsync.pro\/?page_id=1062"},"modified":"2025-12-17T10:13:05","modified_gmt":"2025-12-17T10:13:05","slug":"termes-et-conditions","status":"publish","type":"page","link":"https:\/\/altrixsync.pro\/fr\/terms-and-conditions\/","title":{"rendered":"Termes et conditions"},"content":{"rendered":"<div data-elementor-type=\"wp-page\" data-elementor-id=\"1062\" class=\"elementor elementor-1062\" data-elementor-post-type=\"page\">\n\t\t\t\t<div class=\"elementor-element elementor-element-7368ea8 e-flex e-con-boxed e-con e-parent\" data-id=\"7368ea8\" data-element_type=\"container\" data-e-type=\"container\">\n\t\t\t\t\t<div class=\"e-con-inner\">\n\t\t\t\t<div class=\"elementor-element elementor-element-06f2454 elementor-widget elementor-widget-spacer\" data-id=\"06f2454\" data-element_type=\"widget\" data-e-type=\"widget\" data-widget_type=\"spacer.default\">\n\t\t\t\t<div class=\"elementor-widget-container\">\n\t\t\t\t\t\t\t<div class=\"elementor-spacer\">\n\t\t\t<div class=\"elementor-spacer-inner\"><\/div>\n\t\t<\/div>\n\t\t\t\t\t\t<\/div>\n\t\t\t\t<\/div>\n\t\t\t\t<div class=\"elementor-element elementor-element-d6bcca4 elementor-widget elementor-widget-heading\" data-id=\"d6bcca4\" data-element_type=\"widget\" data-e-type=\"widget\" data-widget_type=\"heading.default\">\n\t\t\t\t<div class=\"elementor-widget-container\">\n\t\t\t\t\t<h1 class=\"elementor-heading-title elementor-size-default\">Termes et conditions\n<\/h1>\t\t\t\t<\/div>\n\t\t\t\t<\/div>\n\t\t\t\t<div class=\"elementor-element elementor-element-610dd23 elementor-widget elementor-widget-text-editor\" data-id=\"610dd23\" data-element_type=\"widget\" data-e-type=\"widget\" data-widget_type=\"text-editor.default\">\n\t\t\t\t<div class=\"elementor-widget-container\">\n\t\t\t\t\t\t\t\t\t<p>Bienvenue chez Altrixsync, votre plateforme de r\u00e9f\u00e9rence pour les signaux de trading automatis\u00e9s. En utilisant nos services, vous acceptez les conditions g\u00e9n\u00e9rales suivantes. Veuillez les lire attentivement avant toute transaction ou souscription.<\/p>\t\t\t\t\t\t\t\t<\/div>\n\t\t\t\t<\/div>\n\t\t\t\t<div class=\"elementor-element elementor-element-69f1315 elementor-widget elementor-widget-heading\" data-id=\"69f1315\" data-element_type=\"widget\" data-e-type=\"widget\" data-widget_type=\"heading.default\">\n\t\t\t\t<div class=\"elementor-widget-container\">\n\t\t\t\t\t<h2 class=\"elementor-heading-title elementor-size-default\">Termes et conditions<\/h2>\t\t\t\t<\/div>\n\t\t\t\t<\/div>\n\t\t\t\t<div class=\"elementor-element elementor-element-9cc1b6a elementor-widget elementor-widget-text-editor\" data-id=\"9cc1b6a\" data-element_type=\"widget\" data-e-type=\"widget\" data-widget_type=\"text-editor.default\">\n\t\t\t\t<div class=\"elementor-widget-container\">\n\t\t\t\t\t\t\t\t\t<p>Acceptation des conditions g\u00e9n\u00e9rales. En acc\u00e9dant \u00e0 Altrixsync ou en l'utilisant, vous reconnaissez avoir lu, compris et accept\u00e9 les pr\u00e9sentes conditions g\u00e9n\u00e9rales. Si vous n'acceptez pas une quelconque partie de ces conditions, vous ne devez pas utiliser nos services.<br \/>Description des services,<b> Altrixsync<\/b><b>\u00a0<\/b>Nous proposons des robots de trading en ligne pour diff\u00e9rents march\u00e9s financiers. Nos algorithmes propri\u00e9taires g\u00e9n\u00e8rent des transactions bas\u00e9es sur l'analyse de march\u00e9. Veuillez noter cependant que les performances pass\u00e9es ne garantissent pas les r\u00e9sultats futurs et que le trading comporte des risques.<\/p><p>Admissibilit\u00e9 de l'utilisateur Vous devez avoir au moins 18 ans et \u00eatre l\u00e9galement admissible \u00e0 conclure des contrats pour utiliser nos services. En acc\u00e9dant \u00e0 Altrixsync, vous confirmez que vous remplissez ces conditions et que vous \u00eates responsable du respect de toutes les lois et r\u00e9glementations applicables dans votre juridiction.<\/p><p>Abonnement et paiement Pour acc\u00e9der \u00e0 notre robot\u00a0<a href=\"https:\/\/www.investopedia.com\/terms\/t\/trade-signal.asp\" target=\"_blank\" rel=\"noopener\">signaux de trading<\/a>, vous pourriez \u00eatre amen\u00e9 \u00e0 souscrire \u00e0 l'un de nos forfaits. Les frais d'abonnement seront clairement indiqu\u00e9s sur notre site web, et vous vous engagez \u00e0 les payer pour la dur\u00e9e choisie. Les paiements ne sont pas remboursables et vous \u00eates responsable des taxes et frais li\u00e9s aux transactions.<\/p><p>Risques et responsabilit\u00e9\u00a0: le trading comporte des risques financiers. Bien que notre robot vise \u00e0 fournir des informations pr\u00e9cises, nous ne pouvons garantir les profits ni pr\u00e9venir les pertes. Vous reconnaissez \u00eatre seul responsable des cons\u00e9quences de vos d\u00e9cisions de trading et de toute cons\u00e9quence financi\u00e8re d\u00e9coulant de l'utilisation de nos services. Altrixsync, ses filiales et ses employ\u00e9s ne sauraient \u00eatre tenus responsables des pertes subies lors de l'utilisation de nos services.<\/p><p>Usage personnel uniquement. Les signaux fournis par Altrixsync sont destin\u00e9s \u00e0 votre usage personnel uniquement. Il est strictement interdit de redistribuer, revendre ou exploiter commercialement nos signaux sans l'autorisation \u00e9crite pr\u00e9alable d'Altrixsync.<\/p><p>Conduite de l'utilisateur\u00a0: Vous vous engagez \u00e0 utiliser nos services conform\u00e9ment \u00e0 toutes les lois et r\u00e9glementations applicables. Vous ne devez entreprendre aucune activit\u00e9 susceptible de perturber, d'endommager ou de compromettre le fonctionnement d'Altrixsync ou de ses services associ\u00e9s.<\/p><p>Propri\u00e9t\u00e9 intellectuelle\u00a0: l'ensemble du contenu d'Altrixsync, y compris, mais sans s'y limiter, les logos, marques d\u00e9pos\u00e9es, textes, images et logiciels, est prot\u00e9g\u00e9 par les lois sur la propri\u00e9t\u00e9 intellectuelle et appartient exclusivement \u00e0 Altrixsync ou \u00e0 ses conc\u00e9dants. Vous ne pouvez utiliser, reproduire, modifier ou distribuer aucun contenu sans notre consentement \u00e9crit expr\u00e8s.<\/p><p>R\u00e9siliation des services Altrixsync<b>\u00a0<\/b>se r\u00e9serve le droit de suspendre ou de r\u00e9silier votre acc\u00e8s \u00e0 nos services \u00e0 tout moment et pour quelque raison que ce soit, y compris en cas de suspicion de violation des pr\u00e9sentes Conditions g\u00e9n\u00e9rales ou de participation \u00e0 des activit\u00e9s frauduleuses.<\/p><p class=\"translation-block\">Modifications des conditions g\u00e9n\u00e9rales<b>Altrixsync<\/b> peut mettre \u00e0 jour ou modifier les pr\u00e9sentes conditions g\u00e9n\u00e9rales \u00e0 tout moment et sans pr\u00e9avis. En continuant \u00e0 utiliser nos services apr\u00e8s ces modifications, vous acceptez d'\u00eatre li\u00e9 par les conditions g\u00e9n\u00e9rales mises \u00e0 jour.<\/p><p>Politique de confidentialit\u00e9\u00a0: Votre vie priv\u00e9e est importante pour nous. Veuillez consulter notre politique de confidentialit\u00e9 pour comprendre comment nous collectons, utilisons et prot\u00e9geons vos informations personnelles.<\/p><p>Loi applicable et juridiction Les pr\u00e9sentes Conditions g\u00e9n\u00e9rales seront r\u00e9gies et interpr\u00e9t\u00e9es conform\u00e9ment aux lois, sans \u00e9gard \u00e0 leurs principes de conflit de lois. Tout litige d\u00e9coulant de ou li\u00e9 aux pr\u00e9sentes conditions sera soumis \u00e0 la comp\u00e9tence exclusive des tribunaux.<\/p><p class=\"translation-block\">Le robot d'algorithme de trading <b>n\u00e9cessite le logiciel de trading MetaTrader 5 et un service de courtage<\/b>\u00a0pour ex\u00e9cuter les ordres d'achat et de vente et fournir des liquidit\u00e9s en cas de besoin.<\/p>\t\t\t\t\t\t\t\t<\/div>\n\t\t\t\t<\/div>\n\t\t\t\t<div class=\"elementor-element elementor-element-91b1c6c elementor-widget elementor-widget-text-editor\" data-id=\"91b1c6c\" data-element_type=\"widget\" data-e-type=\"widget\" data-widget_type=\"text-editor.default\">\n\t\t\t\t<div class=\"elementor-widget-container\">\n\t\t\t\t\t\t\t\t\t<p><b>le client doit lire et accepter les termes et conditions du courtier.<\/b><\/p><p>By using Altrixsync, you agree to these Terms and Conditions, and we look forward to providing you with a robot trading service. If you have any questions or concerns, please contact our customer support team\u00a0 at <a href=\"mailto:support@altrixsync.pro\">support@altrixsync.pro<\/a><\/p>\t\t\t\t\t\t\t\t<\/div>\n\t\t\t\t<\/div>\n\t\t\t\t<div class=\"elementor-element elementor-element-8a26e59 elementor-widget elementor-widget-spacer\" data-id=\"8a26e59\" data-element_type=\"widget\" data-e-type=\"widget\" data-widget_type=\"spacer.default\">\n\t\t\t\t<div class=\"elementor-widget-container\">\n\t\t\t\t\t\t\t<div class=\"elementor-spacer\">\n\t\t\t<div class=\"elementor-spacer-inner\"><\/div>\n\t\t<\/div>\n\t\t\t\t\t\t<\/div>\n\t\t\t\t<\/div>\n\t\t\t\t\t<\/div>\n\t\t\t\t<\/div>\n\t\t\t\t<\/div>","protected":false},"excerpt":{"rendered":"<p>Terms and Conditions Welcome to\u00a0 Altrixsync, your premier destination for automated robot trading signals. By using our services, you agree to be bound by the following Terms and Conditions. Please read them carefully before proceeding with any transactions or subscriptions. Terms and Conditions Acceptance of Terms By accessing or using Altrixsync, you acknowledge that you [&hellip;]<\/p>\n","protected":false},"author":1,"featured_media":0,"parent":0,"menu_order":0,"comment_status":"closed","ping_status":"closed","template":"","meta":{"footnotes":""},"class_list":["post-1062","page","type-page","status-publish","hentry"],"_links":{"self":[{"href":"https:\/\/altrixsync.pro\/fr\/wp-json\/wp\/v2\/pages\/1062","targetHints":{"allow":["GET"]}}],"collection":[{"href":"https:\/\/altrixsync.pro\/fr\/wp-json\/wp\/v2\/pages"}],"about":[{"href":"https:\/\/altrixsync.pro\/fr\/wp-json\/wp\/v2\/types\/page"}],"author":[{"embeddable":true,"href":"https:\/\/altrixsync.pro\/fr\/wp-json\/wp\/v2\/users\/1"}],"replies":[{"embeddable":true,"href":"https:\/\/altrixsync.pro\/fr\/wp-json\/wp\/v2\/comments?post=1062"}],"version-history":[{"count":0,"href":"https:\/\/altrixsync.pro\/fr\/wp-json\/wp\/v2\/pages\/1062\/revisions"}],"wp:attachment":[{"href":"https:\/\/altrixsync.pro\/fr\/wp-json\/wp\/v2\/media?parent=1062"}],"curies":[{"name":"wp","href":"https:\/\/api.w.org\/{rel}","templated":true}]}}