{"id":1000,"date":"2024-05-02T08:53:55","date_gmt":"2024-05-02T08:53:55","guid":{"rendered":"https:\/\/altrixsync.pro\/?page_id=1000"},"modified":"2025-04-30T10:35:16","modified_gmt":"2025-04-30T10:35:16","slug":"politique-de-confidentialite","status":"publish","type":"page","link":"https:\/\/altrixsync.pro\/fr\/privacy-policy\/","title":{"rendered":"politique de confidentialit\u00e9"},"content":{"rendered":"<div data-elementor-type=\"wp-page\" data-elementor-id=\"1000\" class=\"elementor elementor-1000\" data-elementor-post-type=\"page\">\n\t\t\t\t<div class=\"elementor-element elementor-element-1069f53 e-flex e-con-boxed e-con e-parent\" data-id=\"1069f53\" data-element_type=\"container\" data-e-type=\"container\">\n\t\t\t\t\t<div class=\"e-con-inner\">\n\t\t\t\t<div class=\"elementor-element elementor-element-06ce001 elementor-widget elementor-widget-spacer\" data-id=\"06ce001\" data-element_type=\"widget\" data-e-type=\"widget\" data-widget_type=\"spacer.default\">\n\t\t\t\t<div class=\"elementor-widget-container\">\n\t\t\t\t\t\t\t<div class=\"elementor-spacer\">\n\t\t\t<div class=\"elementor-spacer-inner\"><\/div>\n\t\t<\/div>\n\t\t\t\t\t\t<\/div>\n\t\t\t\t<\/div>\n\t\t\t\t<div class=\"elementor-element elementor-element-7ac1748 elementor-widget elementor-widget-heading\" data-id=\"7ac1748\" data-element_type=\"widget\" data-e-type=\"widget\" data-widget_type=\"heading.default\">\n\t\t\t\t<div class=\"elementor-widget-container\">\n\t\t\t\t\t<h1 class=\"elementor-heading-title elementor-size-default\">politique de confidentialit\u00e9 <\/h1>\t\t\t\t<\/div>\n\t\t\t\t<\/div>\n\t\t\t\t<div class=\"elementor-element elementor-element-9511253 elementor-widget elementor-widget-text-editor\" data-id=\"9511253\" data-element_type=\"widget\" data-e-type=\"widget\" data-widget_type=\"text-editor.default\">\n\t\t\t\t<div class=\"elementor-widget-container\">\n\t\t\t\t\t\t\t\t\t<p>Cette politique de confidentialit\u00e9 s'applique \u00e0 Altrixsync (ci-apr\u00e8s d\u00e9nomm\u00e9e \u00ab\u00a0Application\u00a0\u00bb) pour appareils mobiles (ci-apr\u00e8s d\u00e9nomm\u00e9 \u00ab\u00a0Fournisseur de services\u00a0\u00bb) en tant que service gratuit. Ce service est destin\u00e9 \u00e0 \u00eatre utilis\u00e9 \u00ab\u00a0EN L'\u00c9TAT\u00a0\u00bb.<\/p>\t\t\t\t\t\t\t\t<\/div>\n\t\t\t\t<\/div>\n\t\t\t\t<div class=\"elementor-element elementor-element-e1856c5 elementor-widget elementor-widget-heading\" data-id=\"e1856c5\" data-element_type=\"widget\" data-e-type=\"widget\" data-widget_type=\"heading.default\">\n\t\t\t\t<div class=\"elementor-widget-container\">\n\t\t\t\t\t<h2 class=\"elementor-heading-title elementor-size-default\">Collecte et utilisation des informations<\/h2>\t\t\t\t<\/div>\n\t\t\t\t<\/div>\n\t\t\t\t<div class=\"elementor-element elementor-element-668746b elementor-widget elementor-widget-text-editor\" data-id=\"668746b\" data-element_type=\"widget\" data-e-type=\"widget\" data-widget_type=\"text-editor.default\">\n\t\t\t\t<div class=\"elementor-widget-container\">\n\t\t\t\t\t\t\t\t\t<p>L'application collecte des informations lors de son t\u00e9l\u00e9chargement et de son utilisation. Ces informations peuvent inclure\u00a0:<\/p><ul><li>L'adresse de protocole Internet (par exemple, l'adresse IP) de votre appareil<\/li><li>Le temps pass\u00e9 sur l'application<\/li><li>Le syst\u00e8me d'exploitation que vous utilisez sur votre appareil mobile\u00a0<\/li><\/ul><p>L'Application ne collecte pas d'informations pr\u00e9cises sur la localisation de votre appareil mobile.\u00a0<\/p><p>Le fournisseur de services peut utiliser les informations que vous avez fournies pour vous contacter de temps \u00e0 autre afin de vous fournir des informations importantes, des avis obligatoires et des promotions marketing.<\/p><p>Pour une meilleure exp\u00e9rience, lors de l'utilisation de l'Application, le Prestataire de services peut vous demander de fournir certaines informations personnelles identifiables, notamment votre pr\u00e9nom, votre nom, votre adresse e-mail et votre num\u00e9ro de t\u00e9l\u00e9phone. Les informations demand\u00e9es par le Prestataire de services seront conserv\u00e9es par lui et utilis\u00e9es conform\u00e9ment \u00e0 la pr\u00e9sente politique de confidentialit\u00e9.<\/p>\t\t\t\t\t\t\t\t<\/div>\n\t\t\t\t<\/div>\n\t\t\t\t<div class=\"elementor-element elementor-element-518e2c3 elementor-widget elementor-widget-heading\" data-id=\"518e2c3\" data-element_type=\"widget\" data-e-type=\"widget\" data-widget_type=\"heading.default\">\n\t\t\t\t<div class=\"elementor-widget-container\">\n\t\t\t\t\t<h2 class=\"elementor-heading-title elementor-size-default\">Acc\u00e8s des tiers<\/h2>\t\t\t\t<\/div>\n\t\t\t\t<\/div>\n\t\t\t\t<div class=\"elementor-element elementor-element-1f6893b elementor-widget elementor-widget-text-editor\" data-id=\"1f6893b\" data-element_type=\"widget\" data-e-type=\"widget\" data-widget_type=\"text-editor.default\">\n\t\t\t\t<div class=\"elementor-widget-container\">\n\t\t\t\t\t\t\t\t\t<p>Seules des donn\u00e9es agr\u00e9g\u00e9es et anonymis\u00e9es sont p\u00e9riodiquement transmises \u00e0 des services externes afin d'aider le Prestataire \u00e0 am\u00e9liorer l'Application et ses services. Le Prestataire peut partager vos informations avec des tiers selon les modalit\u00e9s d\u00e9crites dans la pr\u00e9sente d\u00e9claration de confidentialit\u00e9.<\/p><p>Veuillez noter que l'Application utilise des services tiers qui disposent de leur propre politique de confidentialit\u00e9 concernant le traitement des donn\u00e9es. Vous trouverez ci-dessous les liens vers les politiques de confidentialit\u00e9 des fournisseurs de services tiers utilis\u00e9s par l'Application\u00a0:<\/p><ul><li><a href=\"https:\/\/www.google.com\/policies\/privacy\/\" target=\"_blank\" rel=\"noopener\">Services Google Play<\/a><\/li><\/ul><p>Le fournisseur de services peut divulguer les informations fournies par l'utilisateur et collect\u00e9es automatiquement :<\/p><ul><li>comme l\u2019exige la loi, par exemple pour se conformer \u00e0 une assignation \u00e0 compara\u00eetre ou \u00e0 une proc\u00e9dure juridique similaire\u00a0;<\/li><li>lorsqu'ils croient de bonne foi que la divulgation est n\u00e9cessaire pour prot\u00e9ger leurs droits, prot\u00e9ger votre s\u00e9curit\u00e9 ou celle d'autrui, enqu\u00eater sur une fraude ou r\u00e9pondre \u00e0 une demande du gouvernement\u00a0;<\/li><li>avec leurs prestataires de services de confiance qui travaillent en leur nom, n'ont pas d'utilisation ind\u00e9pendante des informations que nous leur divulguons et ont accept\u00e9 de respecter les r\u00e8gles \u00e9nonc\u00e9es dans la pr\u00e9sente d\u00e9claration de confidentialit\u00e9.<\/li><\/ul>\t\t\t\t\t\t\t\t<\/div>\n\t\t\t\t<\/div>\n\t\t\t\t<div class=\"elementor-element elementor-element-8294123 elementor-widget elementor-widget-heading\" data-id=\"8294123\" data-element_type=\"widget\" data-e-type=\"widget\" data-widget_type=\"heading.default\">\n\t\t\t\t<div class=\"elementor-widget-container\">\n\t\t\t\t\t<h2 class=\"elementor-heading-title elementor-size-default\">Droits de retrait<\/h2>\t\t\t\t<\/div>\n\t\t\t\t<\/div>\n\t\t\t\t<div class=\"elementor-element elementor-element-72308a6 elementor-widget elementor-widget-text-editor\" data-id=\"72308a6\" data-element_type=\"widget\" data-e-type=\"widget\" data-widget_type=\"text-editor.default\">\n\t\t\t\t<div class=\"elementor-widget-container\">\n\t\t\t\t\t\t\t\t\t<p>Vous pouvez facilement mettre fin \u00e0 la collecte d'informations par l'Application en la d\u00e9sinstallant. Vous pouvez utiliser les processus de d\u00e9sinstallation standard disponibles sur votre appareil mobile ou via la plateforme ou le r\u00e9seau d'applications mobiles.<\/p>\t\t\t\t\t\t\t\t<\/div>\n\t\t\t\t<\/div>\n\t\t\t\t<div class=\"elementor-element elementor-element-13e6ac8 elementor-widget elementor-widget-heading\" data-id=\"13e6ac8\" data-element_type=\"widget\" data-e-type=\"widget\" data-widget_type=\"heading.default\">\n\t\t\t\t<div class=\"elementor-widget-container\">\n\t\t\t\t\t<h2 class=\"elementor-heading-title elementor-size-default\">Politique de conservation des donn\u00e9es<\/h2>\t\t\t\t<\/div>\n\t\t\t\t<\/div>\n\t\t\t\t<div class=\"elementor-element elementor-element-0329526 elementor-widget elementor-widget-text-editor\" data-id=\"0329526\" data-element_type=\"widget\" data-e-type=\"widget\" data-widget_type=\"text-editor.default\">\n\t\t\t\t<div class=\"elementor-widget-container\">\n\t\t\t\t\t\t\t\t\t<p>Le Prestataire de services conservera les donn\u00e9es utilisateur pendant toute la dur\u00e9e d'utilisation de l'Application et pendant une dur\u00e9e raisonnable par la suite. Si vous souhaitez qu'il supprime les donn\u00e9es utilisateur que vous avez fournies via l'Application, veuillez le contacter \u00e0 l'adresse suivante\u00a0: <a href=\"mailto:support@altrixsync.pro\"><strong>support@altrixsync.pro<\/strong><\/a> et ils r\u00e9pondront dans un d\u00e9lai raisonnable.<\/p>\t\t\t\t\t\t\t\t<\/div>\n\t\t\t\t<\/div>\n\t\t\t\t<div class=\"elementor-element elementor-element-eb4c3ef elementor-widget elementor-widget-heading\" data-id=\"eb4c3ef\" data-element_type=\"widget\" data-e-type=\"widget\" data-widget_type=\"heading.default\">\n\t\t\t\t<div class=\"elementor-widget-container\">\n\t\t\t\t\t<h2 class=\"elementor-heading-title elementor-size-default\">Enfants<\/h2>\t\t\t\t<\/div>\n\t\t\t\t<\/div>\n\t\t\t\t<div class=\"elementor-element elementor-element-89ff289 elementor-widget elementor-widget-text-editor\" data-id=\"89ff289\" data-element_type=\"widget\" data-e-type=\"widget\" data-widget_type=\"text-editor.default\">\n\t\t\t\t<div class=\"elementor-widget-container\">\n\t\t\t\t\t\t\t\t\t<p>Le fournisseur de services n'utilise pas l'application pour solliciter sciemment des donn\u00e9es ou faire du marketing aupr\u00e8s d'enfants de moins de 18 ans.<\/p><p>L'Application ne s'adresse pas aux personnes de moins de 18 ans. Le Prestataire ne collecte pas sciemment d'informations personnelles identifiables aupr\u00e8s d'enfants de moins de 18 ans. Si le Prestataire d\u00e9couvre qu'un enfant de moins de 18 ans a fourni des informations personnelles, il les supprimera imm\u00e9diatement de ses serveurs. Si vous \u00eates parent ou tuteur et que vous savez que votre enfant nous a fourni des informations personnelles, veuillez contacter le Prestataire.<strong>support@altrixsync.pro<\/strong>) afin qu\u2019ils puissent prendre les mesures n\u00e9cessaires.<\/p>\t\t\t\t\t\t\t\t<\/div>\n\t\t\t\t<\/div>\n\t\t\t\t<div class=\"elementor-element elementor-element-829b0fd elementor-widget elementor-widget-heading\" data-id=\"829b0fd\" data-element_type=\"widget\" data-e-type=\"widget\" data-widget_type=\"heading.default\">\n\t\t\t\t<div class=\"elementor-widget-container\">\n\t\t\t\t\t<h2 class=\"elementor-heading-title elementor-size-default\">S\u00e9curit\u00e9\n<\/h2>\t\t\t\t<\/div>\n\t\t\t\t<\/div>\n\t\t\t\t<div class=\"elementor-element elementor-element-1e20ac2 elementor-widget elementor-widget-text-editor\" data-id=\"1e20ac2\" data-element_type=\"widget\" data-e-type=\"widget\" data-widget_type=\"text-editor.default\">\n\t\t\t\t<div class=\"elementor-widget-container\">\n\t\t\t\t\t\t\t\t\t<p>Cette Politique de confidentialit\u00e9 peut \u00eatre mise \u00e0 jour de temps \u00e0 autre pour quelque raison que ce soit. Le Prestataire de services vous informera de toute modification apport\u00e9e \u00e0 la Politique de confidentialit\u00e9 en mettant \u00e0 jour cette page avec la nouvelle Politique de confidentialit\u00e9. Il vous est conseill\u00e9 de consulter r\u00e9guli\u00e8rement cette Politique de confidentialit\u00e9 pour prendre connaissance de toute modification, car l'utilisation continue vaut approbation de toutes les modifications.<\/p><p>Cette politique de confidentialit\u00e9 est en vigueur \u00e0 compter du 01\/01\/2024.<\/p>\t\t\t\t\t\t\t\t<\/div>\n\t\t\t\t<\/div>\n\t\t\t\t<div class=\"elementor-element elementor-element-06fba82 elementor-widget elementor-widget-heading\" data-id=\"06fba82\" data-element_type=\"widget\" data-e-type=\"widget\" data-widget_type=\"heading.default\">\n\t\t\t\t<div class=\"elementor-widget-container\">\n\t\t\t\t\t<h2 class=\"elementor-heading-title elementor-size-default\">Votre consentement\n<\/h2>\t\t\t\t<\/div>\n\t\t\t\t<\/div>\n\t\t\t\t<div class=\"elementor-element elementor-element-da9f1b2 elementor-widget elementor-widget-text-editor\" data-id=\"da9f1b2\" data-element_type=\"widget\" data-e-type=\"widget\" data-widget_type=\"text-editor.default\">\n\t\t\t\t<div class=\"elementor-widget-container\">\n\t\t\t\t\t\t\t\t\tEn utilisant l'Application, vous consentez au traitement de vos informations tel qu'\u00e9nonc\u00e9 dans la pr\u00e9sente Politique de confidentialit\u00e9 actuelle et telle que modifi\u00e9e par nous.\t\t\t\t\t\t\t\t<\/div>\n\t\t\t\t<\/div>\n\t\t\t\t<div class=\"elementor-element elementor-element-0ffe6f9 elementor-widget elementor-widget-heading\" data-id=\"0ffe6f9\" data-element_type=\"widget\" data-e-type=\"widget\" data-widget_type=\"heading.default\">\n\t\t\t\t<div class=\"elementor-widget-container\">\n\t\t\t\t\t<h2 class=\"elementor-heading-title elementor-size-default\">Contactez-nous\n<\/h2>\t\t\t\t<\/div>\n\t\t\t\t<\/div>\n\t\t\t\t<div class=\"elementor-element elementor-element-e1b63d7 elementor-widget elementor-widget-text-editor\" data-id=\"e1b63d7\" data-element_type=\"widget\" data-e-type=\"widget\" data-widget_type=\"text-editor.default\">\n\t\t\t\t<div class=\"elementor-widget-container\">\n\t\t\t\t\t\t\t\t\tSi vous avez des questions concernant la confidentialit\u00e9 lors de l'utilisation de l'Application, ou si vous avez des questions sur les pratiques, veuillez contacter le fournisseur de services par e-mail \u00e0 <strong>support@altrixsync.pro<\/strong>.\t\t\t\t\t\t\t\t<\/div>\n\t\t\t\t<\/div>\n\t\t\t\t<div class=\"elementor-element elementor-element-30ba81f elementor-widget elementor-widget-spacer\" data-id=\"30ba81f\" data-element_type=\"widget\" data-e-type=\"widget\" data-widget_type=\"spacer.default\">\n\t\t\t\t<div class=\"elementor-widget-container\">\n\t\t\t\t\t\t\t<div class=\"elementor-spacer\">\n\t\t\t<div class=\"elementor-spacer-inner\"><\/div>\n\t\t<\/div>\n\t\t\t\t\t\t<\/div>\n\t\t\t\t<\/div>\n\t\t\t\t\t<\/div>\n\t\t\t\t<\/div>\n\t\t\t\t<\/div>","protected":false},"excerpt":{"rendered":"<p>Privacy Policy This privacy policy applies to the Altrixsync (hereby referred to as \u201cApplication\u201d) for mobile devices (hereby referred to as \u201cService Provider\u201d) as a Free service. This service is intended for use \u201cAS IS\u201d. Information Collection and Use The Application collects information when you download and use it. This information may include information such [&hellip;]<\/p>\n","protected":false},"author":1,"featured_media":0,"parent":0,"menu_order":0,"comment_status":"closed","ping_status":"closed","template":"","meta":{"footnotes":""},"class_list":["post-1000","page","type-page","status-publish","hentry"],"_links":{"self":[{"href":"https:\/\/altrixsync.pro\/fr\/wp-json\/wp\/v2\/pages\/1000","targetHints":{"allow":["GET"]}}],"collection":[{"href":"https:\/\/altrixsync.pro\/fr\/wp-json\/wp\/v2\/pages"}],"about":[{"href":"https:\/\/altrixsync.pro\/fr\/wp-json\/wp\/v2\/types\/page"}],"author":[{"embeddable":true,"href":"https:\/\/altrixsync.pro\/fr\/wp-json\/wp\/v2\/users\/1"}],"replies":[{"embeddable":true,"href":"https:\/\/altrixsync.pro\/fr\/wp-json\/wp\/v2\/comments?post=1000"}],"version-history":[{"count":0,"href":"https:\/\/altrixsync.pro\/fr\/wp-json\/wp\/v2\/pages\/1000\/revisions"}],"wp:attachment":[{"href":"https:\/\/altrixsync.pro\/fr\/wp-json\/wp\/v2\/media?parent=1000"}],"curies":[{"name":"wp","href":"https:\/\/api.w.org\/{rel}","templated":true}]}}