{"id":322,"date":"2024-01-03T11:42:30","date_gmt":"2024-01-03T11:42:30","guid":{"rendered":"https:\/\/altrixsync.pro\/?page_id=322"},"modified":"2025-05-01T05:16:03","modified_gmt":"2025-05-01T05:16:03","slug":"acerca-de","status":"publish","type":"page","link":"https:\/\/altrixsync.pro\/es\/about\/","title":{"rendered":"Acerca de"},"content":{"rendered":"<div data-elementor-type=\"wp-page\" data-elementor-id=\"322\" class=\"elementor elementor-322\" data-elementor-post-type=\"page\">\n\t\t\t\t<div class=\"elementor-element elementor-element-e8e5fe6 e-flex e-con-boxed e-con e-parent\" data-id=\"e8e5fe6\" data-element_type=\"container\" data-e-type=\"container\" data-settings=\"{&quot;background_background&quot;:&quot;classic&quot;}\">\n\t\t\t\t\t<div class=\"e-con-inner\">\n\t\t\t\t<div class=\"elementor-element elementor-element-4f8f855 elementor-widget__width-initial elementor-widget elementor-widget-heading\" data-id=\"4f8f855\" data-element_type=\"widget\" data-e-type=\"widget\" data-widget_type=\"heading.default\">\n\t\t\t\t<div class=\"elementor-widget-container\">\n\t\t\t\t\t<h1 class=\"elementor-heading-title elementor-size-default\">Sobre nosotros<\/h1>\t\t\t\t<\/div>\n\t\t\t\t<\/div>\n\t\t\t\t\t<\/div>\n\t\t\t\t<\/div>\n\t\t<div class=\"elementor-element elementor-element-d142c96 e-flex e-con-boxed e-con e-parent\" data-id=\"d142c96\" data-element_type=\"container\" data-e-type=\"container\">\n\t\t\t\t\t<div class=\"e-con-inner\">\n\t\t<div class=\"elementor-element elementor-element-83e4473 e-con-full elementor-hidden-mobile e-flex e-con e-child\" data-id=\"83e4473\" data-element_type=\"container\" data-e-type=\"container\">\n\t\t\t\t<div class=\"elementor-element elementor-element-588db57 elementor-widget elementor-widget-image\" data-id=\"588db57\" data-element_type=\"widget\" data-e-type=\"widget\" data-widget_type=\"image.default\">\n\t\t\t\t<div class=\"elementor-widget-container\">\n\t\t\t\t\t\t\t\t\t\t\t\t\t\t\t<img fetchpriority=\"high\" decoding=\"async\" width=\"517\" height=\"166\" src=\"https:\/\/altrixsync.pro\/wp-content\/uploads\/2024\/01\/img-1.webp\" class=\"attachment-large size-large wp-image-144\" alt=\"\" srcset=\"https:\/\/altrixsync.pro\/wp-content\/uploads\/2024\/01\/img-1.webp 517w, https:\/\/altrixsync.pro\/wp-content\/uploads\/2024\/01\/img-1-300x96.webp 300w\" sizes=\"(max-width: 517px) 100vw, 517px\" \/>\t\t\t\t\t\t\t\t\t\t\t\t\t\t\t<\/div>\n\t\t\t\t<\/div>\n\t\t\t\t<\/div>\n\t\t<div class=\"elementor-element elementor-element-18a9be9 e-con-full e-flex e-con e-child\" data-id=\"18a9be9\" data-element_type=\"container\" data-e-type=\"container\">\n\t\t\t\t<div class=\"elementor-element elementor-element-10ddeb6 elementor-widget__width-initial elementor-widget elementor-widget-text-editor\" data-id=\"10ddeb6\" data-element_type=\"widget\" data-e-type=\"widget\" data-widget_type=\"text-editor.default\">\n\t\t\t\t<div class=\"elementor-widget-container\">\n\t\t\t\t\t\t\t\t\t<p>Al utilizar los gr\u00e1ficos, tablas, datos y otros recursos que ofrece Altrix Sync, podr\u00e1 comprender mejor la din\u00e1mica y los aspectos t\u00e9cnicos del mercado burs\u00e1til. Este conocimiento le permitir\u00e1 comprender los factores que influyen en el valor de las acciones. Por ello, Altrix Sync es una opci\u00f3n intuitiva para operadores de todos los niveles.<\/p>\t\t\t\t\t\t\t\t<\/div>\n\t\t\t\t<\/div>\n\t\t\t\t<\/div>\n\t\t\t\t\t<\/div>\n\t\t\t\t<\/div>\n\t\t<div class=\"elementor-element elementor-element-e581c76 elementor-hidden-desktop elementor-hidden-tablet e-flex e-con-boxed e-con e-parent\" data-id=\"e581c76\" data-element_type=\"container\" data-e-type=\"container\">\n\t\t\t\t\t<div class=\"e-con-inner\">\n\t\t<div class=\"elementor-element elementor-element-791f569 e-con-full e-flex e-con e-child\" data-id=\"791f569\" data-element_type=\"container\" data-e-type=\"container\">\n\t\t\t\t<div class=\"elementor-element elementor-element-373ced5 elementor-widget elementor-widget-image\" data-id=\"373ced5\" data-element_type=\"widget\" data-e-type=\"widget\" data-widget_type=\"image.default\">\n\t\t\t\t<div class=\"elementor-widget-container\">\n\t\t\t\t\t\t\t\t\t\t\t\t\t\t\t<img fetchpriority=\"high\" decoding=\"async\" width=\"517\" height=\"166\" src=\"https:\/\/altrixsync.pro\/wp-content\/uploads\/2024\/01\/img-1.webp\" class=\"attachment-large size-large wp-image-144\" alt=\"\" srcset=\"https:\/\/altrixsync.pro\/wp-content\/uploads\/2024\/01\/img-1.webp 517w, https:\/\/altrixsync.pro\/wp-content\/uploads\/2024\/01\/img-1-300x96.webp 300w\" sizes=\"(max-width: 517px) 100vw, 517px\" \/>\t\t\t\t\t\t\t\t\t\t\t\t\t\t\t<\/div>\n\t\t\t\t<\/div>\n\t\t\t\t<\/div>\n\t\t<div class=\"elementor-element elementor-element-7e6d886 e-con-full elementor-hidden-mobile e-flex e-con e-child\" data-id=\"7e6d886\" data-element_type=\"container\" data-e-type=\"container\">\n\t\t\t\t<div class=\"elementor-element elementor-element-312076f elementor-widget__width-initial elementor-widget elementor-widget-text-editor\" data-id=\"312076f\" data-element_type=\"widget\" data-e-type=\"widget\" data-widget_type=\"text-editor.default\">\n\t\t\t\t<div class=\"elementor-widget-container\">\n\t\t\t\t\t\t\t\t\t<p>Al utilizar los gr\u00e1ficos, tablas, datos y otros recursos que ofrece Altrix Sync, podr\u00e1 comprender mejor la din\u00e1mica y los aspectos t\u00e9cnicos del mercado burs\u00e1til. Este conocimiento le permitir\u00e1 comprender los factores que influyen en el valor de las acciones. Por ello, Altrix Sync es una opci\u00f3n intuitiva para operadores de todos los niveles.<\/p>\t\t\t\t\t\t\t\t<\/div>\n\t\t\t\t<\/div>\n\t\t\t\t<\/div>\n\t\t\t\t\t<\/div>\n\t\t\t\t<\/div>\n\t\t<div class=\"elementor-element elementor-element-58fe364 e-flex e-con-boxed e-con e-parent\" data-id=\"58fe364\" data-element_type=\"container\" data-e-type=\"container\">\n\t\t\t\t\t<div class=\"e-con-inner\">\n\t\t<div class=\"elementor-element elementor-element-08c8a71 e-con-full e-flex e-con e-child\" data-id=\"08c8a71\" data-element_type=\"container\" data-e-type=\"container\" data-settings=\"{&quot;background_background&quot;:&quot;classic&quot;}\">\n\t\t\t\t<div class=\"elementor-element elementor-element-f9e5825 elementor-widget elementor-widget-heading\" data-id=\"f9e5825\" data-element_type=\"widget\" data-e-type=\"widget\" data-widget_type=\"heading.default\">\n\t\t\t\t<div class=\"elementor-widget-container\">\n\t\t\t\t\t<h2 class=\"elementor-heading-title elementor-size-default\">Equipos en Altrix Sync<\/h2>\t\t\t\t<\/div>\n\t\t\t\t<\/div>\n\t\t\t\t<div class=\"elementor-element elementor-element-628c4b2 elementor-widget__width-initial elementor-widget-tablet__width-initial elementor-widget-mobile__width-initial elementor-widget elementor-widget-text-editor\" data-id=\"628c4b2\" data-element_type=\"widget\" data-e-type=\"widget\" data-widget_type=\"text-editor.default\">\n\t\t\t\t<div class=\"elementor-widget-container\">\n\t\t\t\t\t\t\t\t\t<p>El equipo detr\u00e1s de Altrix Sync tiene un enfoque innovador y se esfuerza por hacer que la negociaci\u00f3n de acciones sea accesible para todos. Se esfuerzan por presentar los datos burs\u00e1tiles y la informaci\u00f3n relacionada de forma intuitiva, garantizando que el p\u00fablico en general pueda comprenderlos f\u00e1cilmente.<\/p>\t\t\t\t\t\t\t\t<\/div>\n\t\t\t\t<\/div>\n\t\t\t\t<\/div>\n\t\t<div class=\"elementor-element elementor-element-b6ec43a e-con-full e-flex e-con e-child\" data-id=\"b6ec43a\" data-element_type=\"container\" data-e-type=\"container\">\n\t\t\t\t<div class=\"elementor-element elementor-element-6d3309b elementor-widget__width-initial elementor-widget elementor-widget-heading\" data-id=\"6d3309b\" data-element_type=\"widget\" data-e-type=\"widget\" data-widget_type=\"heading.default\">\n\t\t\t\t<div class=\"elementor-widget-container\">\n\t\t\t\t\t<h2 class=\"elementor-heading-title elementor-size-default\">Visi\u00f3n del equipo<\/h2>\t\t\t\t<\/div>\n\t\t\t\t<\/div>\n\t\t\t\t<div class=\"elementor-element elementor-element-81c054b elementor-widget elementor-widget-text-editor\" data-id=\"81c054b\" data-element_type=\"widget\" data-e-type=\"widget\" data-widget_type=\"text-editor.default\">\n\t\t\t\t<div class=\"elementor-widget-container\">\n\t\t\t\t\t\t\t\t\t<p>La visi\u00f3n del equipo detr\u00e1s de Altrix Sync es crear una plataforma de trading inclusiva y accesible para operadores de todos los niveles, desde principiantes hasta expertos. Su objetivo es ser la plataforma de referencia para cualquier persona interesada en operar con acciones, ofreciendo un conjunto completo de herramientas y recursos que permiten a los operadores tomar decisiones adecuadas. El equipo busca eliminar las barreras de entrada simplificando el proceso de trading y haci\u00e9ndolo m\u00e1s transparente.<\/p>\t\t\t\t\t\t\t\t<\/div>\n\t\t\t\t<\/div>\n\t\t\t\t<\/div>\n\t\t\t\t\t<\/div>\n\t\t\t\t<\/div>\n\t\t\t\t<\/div>","protected":false},"excerpt":{"rendered":"<p>About Us By utilizing the graphs, charts, data, and various other resources provided by the Altrix Sync, you can gain a deeper understanding of the dynamics and technical aspects of the Stocks market. The knowledge will enable you to comprehend the factors that impact the value of Stocks. As a result, the Altrix Sync is [&hellip;]<\/p>\n","protected":false},"author":1,"featured_media":0,"parent":0,"menu_order":0,"comment_status":"closed","ping_status":"closed","template":"elementor_header_footer","meta":{"footnotes":""},"class_list":["post-322","page","type-page","status-publish","hentry"],"_links":{"self":[{"href":"https:\/\/altrixsync.pro\/es\/wp-json\/wp\/v2\/pages\/322","targetHints":{"allow":["GET"]}}],"collection":[{"href":"https:\/\/altrixsync.pro\/es\/wp-json\/wp\/v2\/pages"}],"about":[{"href":"https:\/\/altrixsync.pro\/es\/wp-json\/wp\/v2\/types\/page"}],"author":[{"embeddable":true,"href":"https:\/\/altrixsync.pro\/es\/wp-json\/wp\/v2\/users\/1"}],"replies":[{"embeddable":true,"href":"https:\/\/altrixsync.pro\/es\/wp-json\/wp\/v2\/comments?post=322"}],"version-history":[{"count":0,"href":"https:\/\/altrixsync.pro\/es\/wp-json\/wp\/v2\/pages\/322\/revisions"}],"wp:attachment":[{"href":"https:\/\/altrixsync.pro\/es\/wp-json\/wp\/v2\/media?parent=322"}],"curies":[{"name":"wp","href":"https:\/\/api.w.org\/{rel}","templated":true}]}}