{"id":322,"date":"2024-01-03T11:42:30","date_gmt":"2024-01-03T11:42:30","guid":{"rendered":"https:\/\/altrixsync.pro\/?page_id=322"},"modified":"2025-05-01T05:16:03","modified_gmt":"2025-05-01T05:16:03","slug":"um","status":"publish","type":"page","link":"https:\/\/altrixsync.pro\/de\/about\/","title":{"rendered":"Um"},"content":{"rendered":"<div data-elementor-type=\"wp-page\" data-elementor-id=\"322\" class=\"elementor elementor-322\" data-elementor-post-type=\"page\">\n\t\t\t\t<div class=\"elementor-element elementor-element-e8e5fe6 e-flex e-con-boxed e-con e-parent\" data-id=\"e8e5fe6\" data-element_type=\"container\" data-e-type=\"container\" data-settings=\"{&quot;background_background&quot;:&quot;classic&quot;}\">\n\t\t\t\t\t<div class=\"e-con-inner\">\n\t\t\t\t<div class=\"elementor-element elementor-element-4f8f855 elementor-widget__width-initial elementor-widget elementor-widget-heading\" data-id=\"4f8f855\" data-element_type=\"widget\" data-e-type=\"widget\" data-widget_type=\"heading.default\">\n\t\t\t\t<div class=\"elementor-widget-container\">\n\t\t\t\t\t<h1 class=\"elementor-heading-title elementor-size-default\">\u00dcber uns<\/h1>\t\t\t\t<\/div>\n\t\t\t\t<\/div>\n\t\t\t\t\t<\/div>\n\t\t\t\t<\/div>\n\t\t<div class=\"elementor-element elementor-element-d142c96 e-flex e-con-boxed e-con e-parent\" data-id=\"d142c96\" data-element_type=\"container\" data-e-type=\"container\">\n\t\t\t\t\t<div class=\"e-con-inner\">\n\t\t<div class=\"elementor-element elementor-element-83e4473 e-con-full elementor-hidden-mobile e-flex e-con e-child\" data-id=\"83e4473\" data-element_type=\"container\" data-e-type=\"container\">\n\t\t\t\t<div class=\"elementor-element elementor-element-588db57 elementor-widget elementor-widget-image\" data-id=\"588db57\" data-element_type=\"widget\" data-e-type=\"widget\" data-widget_type=\"image.default\">\n\t\t\t\t<div class=\"elementor-widget-container\">\n\t\t\t\t\t\t\t\t\t\t\t\t\t\t\t<img fetchpriority=\"high\" decoding=\"async\" width=\"517\" height=\"166\" src=\"https:\/\/altrixsync.pro\/wp-content\/uploads\/2024\/01\/img-1.webp\" class=\"attachment-large size-large wp-image-144\" alt=\"\" srcset=\"https:\/\/altrixsync.pro\/wp-content\/uploads\/2024\/01\/img-1.webp 517w, https:\/\/altrixsync.pro\/wp-content\/uploads\/2024\/01\/img-1-300x96.webp 300w\" sizes=\"(max-width: 517px) 100vw, 517px\" \/>\t\t\t\t\t\t\t\t\t\t\t\t\t\t\t<\/div>\n\t\t\t\t<\/div>\n\t\t\t\t<\/div>\n\t\t<div class=\"elementor-element elementor-element-18a9be9 e-con-full e-flex e-con e-child\" data-id=\"18a9be9\" data-element_type=\"container\" data-e-type=\"container\">\n\t\t\t\t<div class=\"elementor-element elementor-element-10ddeb6 elementor-widget__width-initial elementor-widget elementor-widget-text-editor\" data-id=\"10ddeb6\" data-element_type=\"widget\" data-e-type=\"widget\" data-widget_type=\"text-editor.default\">\n\t\t\t\t<div class=\"elementor-widget-container\">\n\t\t\t\t\t\t\t\t\t<p>Mithilfe der Grafiken, Diagramme, Daten und weiteren Ressourcen von Altrix Sync erhalten Sie ein tieferes Verst\u00e4ndnis der Dynamik und der technischen Aspekte des Aktienmarktes. Dieses Wissen erm\u00f6glicht es Ihnen, die Faktoren zu verstehen, die den Wert von Aktien beeinflussen. Daher ist Altrix Sync eine intuitive Wahl f\u00fcr H\u00e4ndler aller Erfahrungsstufen.<\/p>\t\t\t\t\t\t\t\t<\/div>\n\t\t\t\t<\/div>\n\t\t\t\t<\/div>\n\t\t\t\t\t<\/div>\n\t\t\t\t<\/div>\n\t\t<div class=\"elementor-element elementor-element-e581c76 elementor-hidden-desktop elementor-hidden-tablet e-flex e-con-boxed e-con e-parent\" data-id=\"e581c76\" data-element_type=\"container\" data-e-type=\"container\">\n\t\t\t\t\t<div class=\"e-con-inner\">\n\t\t<div class=\"elementor-element elementor-element-791f569 e-con-full e-flex e-con e-child\" data-id=\"791f569\" data-element_type=\"container\" data-e-type=\"container\">\n\t\t\t\t<div class=\"elementor-element elementor-element-373ced5 elementor-widget elementor-widget-image\" data-id=\"373ced5\" data-element_type=\"widget\" data-e-type=\"widget\" data-widget_type=\"image.default\">\n\t\t\t\t<div class=\"elementor-widget-container\">\n\t\t\t\t\t\t\t\t\t\t\t\t\t\t\t<img fetchpriority=\"high\" decoding=\"async\" width=\"517\" height=\"166\" src=\"https:\/\/altrixsync.pro\/wp-content\/uploads\/2024\/01\/img-1.webp\" class=\"attachment-large size-large wp-image-144\" alt=\"\" srcset=\"https:\/\/altrixsync.pro\/wp-content\/uploads\/2024\/01\/img-1.webp 517w, https:\/\/altrixsync.pro\/wp-content\/uploads\/2024\/01\/img-1-300x96.webp 300w\" sizes=\"(max-width: 517px) 100vw, 517px\" \/>\t\t\t\t\t\t\t\t\t\t\t\t\t\t\t<\/div>\n\t\t\t\t<\/div>\n\t\t\t\t<\/div>\n\t\t<div class=\"elementor-element elementor-element-7e6d886 e-con-full elementor-hidden-mobile e-flex e-con e-child\" data-id=\"7e6d886\" data-element_type=\"container\" data-e-type=\"container\">\n\t\t\t\t<div class=\"elementor-element elementor-element-312076f elementor-widget__width-initial elementor-widget elementor-widget-text-editor\" data-id=\"312076f\" data-element_type=\"widget\" data-e-type=\"widget\" data-widget_type=\"text-editor.default\">\n\t\t\t\t<div class=\"elementor-widget-container\">\n\t\t\t\t\t\t\t\t\t<p>Mithilfe der Grafiken, Diagramme, Daten und weiteren Ressourcen von Altrix Sync erhalten Sie ein tieferes Verst\u00e4ndnis der Dynamik und der technischen Aspekte des Aktienmarktes. Dieses Wissen erm\u00f6glicht es Ihnen, die Faktoren zu verstehen, die den Wert von Aktien beeinflussen. Daher ist Altrix Sync eine intuitive Wahl f\u00fcr H\u00e4ndler aller Erfahrungsstufen.<\/p>\t\t\t\t\t\t\t\t<\/div>\n\t\t\t\t<\/div>\n\t\t\t\t<\/div>\n\t\t\t\t\t<\/div>\n\t\t\t\t<\/div>\n\t\t<div class=\"elementor-element elementor-element-58fe364 e-flex e-con-boxed e-con e-parent\" data-id=\"58fe364\" data-element_type=\"container\" data-e-type=\"container\">\n\t\t\t\t\t<div class=\"e-con-inner\">\n\t\t<div class=\"elementor-element elementor-element-08c8a71 e-con-full e-flex e-con e-child\" data-id=\"08c8a71\" data-element_type=\"container\" data-e-type=\"container\" data-settings=\"{&quot;background_background&quot;:&quot;classic&quot;}\">\n\t\t\t\t<div class=\"elementor-element elementor-element-f9e5825 elementor-widget elementor-widget-heading\" data-id=\"f9e5825\" data-element_type=\"widget\" data-e-type=\"widget\" data-widget_type=\"heading.default\">\n\t\t\t\t<div class=\"elementor-widget-container\">\n\t\t\t\t\t<h2 class=\"elementor-heading-title elementor-size-default\">Teams bei Altrix Sync<\/h2>\t\t\t\t<\/div>\n\t\t\t\t<\/div>\n\t\t\t\t<div class=\"elementor-element elementor-element-628c4b2 elementor-widget__width-initial elementor-widget-tablet__width-initial elementor-widget-mobile__width-initial elementor-widget elementor-widget-text-editor\" data-id=\"628c4b2\" data-element_type=\"widget\" data-e-type=\"widget\" data-widget_type=\"text-editor.default\">\n\t\t\t\t<div class=\"elementor-widget-container\">\n\t\t\t\t\t\t\t\t\t<p>Das Team hinter Altrix Sync verfolgt einen zukunftsorientierten Ansatz und m\u00f6chte den Aktienhandel f\u00fcr jedermann zug\u00e4nglich machen. Es ist bestrebt, Aktiendaten und zugeh\u00f6rige Informationen benutzerfreundlich darzustellen, damit sie f\u00fcr die breite \u00d6ffentlichkeit leicht verst\u00e4ndlich sind.<\/p>\t\t\t\t\t\t\t\t<\/div>\n\t\t\t\t<\/div>\n\t\t\t\t<\/div>\n\t\t<div class=\"elementor-element elementor-element-b6ec43a e-con-full e-flex e-con e-child\" data-id=\"b6ec43a\" data-element_type=\"container\" data-e-type=\"container\">\n\t\t\t\t<div class=\"elementor-element elementor-element-6d3309b elementor-widget__width-initial elementor-widget elementor-widget-heading\" data-id=\"6d3309b\" data-element_type=\"widget\" data-e-type=\"widget\" data-widget_type=\"heading.default\">\n\t\t\t\t<div class=\"elementor-widget-container\">\n\t\t\t\t\t<h2 class=\"elementor-heading-title elementor-size-default\">Vision des Teams<\/h2>\t\t\t\t<\/div>\n\t\t\t\t<\/div>\n\t\t\t\t<div class=\"elementor-element elementor-element-81c054b elementor-widget elementor-widget-text-editor\" data-id=\"81c054b\" data-element_type=\"widget\" data-e-type=\"widget\" data-widget_type=\"text-editor.default\">\n\t\t\t\t<div class=\"elementor-widget-container\">\n\t\t\t\t\t\t\t\t\t<p>Die Vision des Teams hinter Altrix Sync ist es, eine umfassende und zug\u00e4ngliche Handelsplattform f\u00fcr alle Trader-Niveaus zu schaffen \u2013 vom Anf\u00e4nger bis zum Experten. Das Team m\u00f6chte die erste Anlaufstelle f\u00fcr alle sein, die am Aktienhandel interessiert sind. Dazu bietet es umfassende Tools und Ressourcen, die Tradern die richtigen Entscheidungen erm\u00f6glichen. Das Team m\u00f6chte Markteintrittsbarrieren beseitigen, indem es den Handelsprozess vereinfacht und transparenter gestaltet.<\/p>\t\t\t\t\t\t\t\t<\/div>\n\t\t\t\t<\/div>\n\t\t\t\t<\/div>\n\t\t\t\t\t<\/div>\n\t\t\t\t<\/div>\n\t\t\t\t<\/div>","protected":false},"excerpt":{"rendered":"<p>About Us By utilizing the graphs, charts, data, and various other resources provided by the Altrix Sync, you can gain a deeper understanding of the dynamics and technical aspects of the Stocks market. The knowledge will enable you to comprehend the factors that impact the value of Stocks. As a result, the Altrix Sync is [&hellip;]<\/p>\n","protected":false},"author":1,"featured_media":0,"parent":0,"menu_order":0,"comment_status":"closed","ping_status":"closed","template":"elementor_header_footer","meta":{"footnotes":""},"class_list":["post-322","page","type-page","status-publish","hentry"],"_links":{"self":[{"href":"https:\/\/altrixsync.pro\/de\/wp-json\/wp\/v2\/pages\/322","targetHints":{"allow":["GET"]}}],"collection":[{"href":"https:\/\/altrixsync.pro\/de\/wp-json\/wp\/v2\/pages"}],"about":[{"href":"https:\/\/altrixsync.pro\/de\/wp-json\/wp\/v2\/types\/page"}],"author":[{"embeddable":true,"href":"https:\/\/altrixsync.pro\/de\/wp-json\/wp\/v2\/users\/1"}],"replies":[{"embeddable":true,"href":"https:\/\/altrixsync.pro\/de\/wp-json\/wp\/v2\/comments?post=322"}],"version-history":[{"count":0,"href":"https:\/\/altrixsync.pro\/de\/wp-json\/wp\/v2\/pages\/322\/revisions"}],"wp:attachment":[{"href":"https:\/\/altrixsync.pro\/de\/wp-json\/wp\/v2\/media?parent=322"}],"curies":[{"name":"wp","href":"https:\/\/api.w.org\/{rel}","templated":true}]}}