{"id":1137,"date":"2024-06-21T12:49:00","date_gmt":"2024-06-21T12:49:00","guid":{"rendered":"https:\/\/altrixsync.pro\/?page_id=1137"},"modified":"2025-12-17T09:56:40","modified_gmt":"2025-12-17T09:56:40","slug":"danke","status":"publish","type":"page","link":"https:\/\/altrixsync.pro\/de\/thank-you\/","title":{"rendered":"Danke"},"content":{"rendered":"<div data-elementor-type=\"wp-page\" data-elementor-id=\"1137\" class=\"elementor elementor-1137\" data-elementor-post-type=\"page\">\n\t\t\t\t<div class=\"elementor-element elementor-element-b832f71 e-flex e-con-boxed e-con e-parent\" data-id=\"b832f71\" data-element_type=\"container\" data-e-type=\"container\" data-settings=\"{&quot;background_background&quot;:&quot;video&quot;,&quot;background_video_link&quot;:&quot;https:\\\/\\\/altrixsync.pro\\\/wp-content\\\/uploads\\\/2025\\\/01\\\/file.mp4&quot;,&quot;background_play_on_mobile&quot;:&quot;yes&quot;}\">\n\t\t\t\t\t<div class=\"e-con-inner\">\n\t\t<div class=\"elementor-background-video-container\">\n\t\t\t\t\t\t\t<video class=\"elementor-background-video-hosted\" role=\"presentation\" autoplay muted playsinline loop><\/video>\n\t\t\t\t\t<\/div>\t\t<div class=\"elementor-element elementor-element-38adad8 elementor-widget elementor-widget-heading\" data-id=\"38adad8\" data-element_type=\"widget\" data-e-type=\"widget\" data-widget_type=\"heading.default\">\n\t\t\t\t<div class=\"elementor-widget-container\">\n\t\t\t\t\t<h1 class=\"elementor-heading-title elementor-size-default\">Vielen Dank f\u00fcr Ihre Anmeldung!\n<\/h1>\t\t\t\t<\/div>\n\t\t\t\t<\/div>\n\t\t\t\t<div class=\"elementor-element elementor-element-532f4e2 elementor-widget__width-initial elementor-widget-tablet__width-initial elementor-widget elementor-widget-text-editor\" data-id=\"532f4e2\" data-element_type=\"widget\" data-e-type=\"widget\" data-widget_type=\"text-editor.default\">\n\t\t\t\t<div class=\"elementor-widget-container\">\n\t\t\t\t\t\t\t\t\t<p>Wir freuen uns, Sie an Bord zu haben! Um Ihnen den bestm\u00f6glichen Service zu bieten, bitten wir Sie, Ihr Telefon f\u00fcr Anrufe freizuhalten. M\u00f6glicherweise m\u00fcssen wir Sie kontaktieren, um weitere Informationen zu erhalten oder Ihre Registrierungsdaten zu besprechen.<\/p><p>Wir melden uns in K\u00fcrze bei Ihnen, um Ihre Fragen und Anliegen zu beantworten. Wir freuen uns \u00fcber Ihre Teilnahme und m\u00f6chten Ihnen ein unvergessliches Erlebnis bieten.<\/p><p>Nochmals vielen Dank f\u00fcr Ihre Registrierung und wir freuen uns darauf, bald mit Ihnen zu sprechen!<\/p>\t\t\t\t\t\t\t\t<\/div>\n\t\t\t\t<\/div>\n\t\t\t\t<div class=\"elementor-element elementor-element-709f0e6 elementor-widget elementor-widget-button\" data-id=\"709f0e6\" data-element_type=\"widget\" data-e-type=\"widget\" data-widget_type=\"button.default\">\n\t\t\t\t<div class=\"elementor-widget-container\">\n\t\t\t\t\t\t\t\t\t<div class=\"elementor-button-wrapper\">\n\t\t\t\t\t<a class=\"elementor-button elementor-button-link elementor-size-sm\" href=\"https:\/\/altrixsync.pro\/de\/\">\n\t\t\t\t\t\t<span class=\"elementor-button-content-wrapper\">\n\t\t\t\t\t\t\t\t\t<span class=\"elementor-button-text\">Zur\u00fcck zur Homepage<\/span>\n\t\t\t\t\t<\/span>\n\t\t\t\t\t<\/a>\n\t\t\t\t<\/div>\n\t\t\t\t\t\t\t\t<\/div>\n\t\t\t\t<\/div>\n\t\t\t\t\t<\/div>\n\t\t\t\t<\/div>\n\t\t\t\t<\/div>","protected":false},"excerpt":{"rendered":"<p>Thank you for your registration! We\u2019re excited to have you on board! In order to provide you with the best possible service, we kindly ask that you ensure your phone is available for a call. We may need to reach out to you for further information or to discuss your registration details. Rest assured, we\u2019ll [&hellip;]<\/p>\n","protected":false},"author":1,"featured_media":0,"parent":0,"menu_order":0,"comment_status":"closed","ping_status":"closed","template":"","meta":{"footnotes":""},"class_list":["post-1137","page","type-page","status-publish","hentry"],"_links":{"self":[{"href":"https:\/\/altrixsync.pro\/de\/wp-json\/wp\/v2\/pages\/1137","targetHints":{"allow":["GET"]}}],"collection":[{"href":"https:\/\/altrixsync.pro\/de\/wp-json\/wp\/v2\/pages"}],"about":[{"href":"https:\/\/altrixsync.pro\/de\/wp-json\/wp\/v2\/types\/page"}],"author":[{"embeddable":true,"href":"https:\/\/altrixsync.pro\/de\/wp-json\/wp\/v2\/users\/1"}],"replies":[{"embeddable":true,"href":"https:\/\/altrixsync.pro\/de\/wp-json\/wp\/v2\/comments?post=1137"}],"version-history":[{"count":0,"href":"https:\/\/altrixsync.pro\/de\/wp-json\/wp\/v2\/pages\/1137\/revisions"}],"wp:attachment":[{"href":"https:\/\/altrixsync.pro\/de\/wp-json\/wp\/v2\/media?parent=1137"}],"curies":[{"name":"wp","href":"https:\/\/api.w.org\/{rel}","templated":true}]}}