{"id":1062,"date":"2024-05-02T11:20:50","date_gmt":"2024-05-02T11:20:50","guid":{"rendered":"https:\/\/altrixsync.pro\/?page_id=1062"},"modified":"2025-12-17T10:13:05","modified_gmt":"2025-12-17T10:13:05","slug":"geschaftsbedingungen","status":"publish","type":"page","link":"https:\/\/altrixsync.pro\/de\/terms-and-conditions\/","title":{"rendered":"Gesch\u00e4ftsbedingungen"},"content":{"rendered":"<div data-elementor-type=\"wp-page\" data-elementor-id=\"1062\" class=\"elementor elementor-1062\" data-elementor-post-type=\"page\">\n\t\t\t\t<div class=\"elementor-element elementor-element-7368ea8 e-flex e-con-boxed e-con e-parent\" data-id=\"7368ea8\" data-element_type=\"container\" data-e-type=\"container\">\n\t\t\t\t\t<div class=\"e-con-inner\">\n\t\t\t\t<div class=\"elementor-element elementor-element-06f2454 elementor-widget elementor-widget-spacer\" data-id=\"06f2454\" data-element_type=\"widget\" data-e-type=\"widget\" data-widget_type=\"spacer.default\">\n\t\t\t\t<div class=\"elementor-widget-container\">\n\t\t\t\t\t\t\t<div class=\"elementor-spacer\">\n\t\t\t<div class=\"elementor-spacer-inner\"><\/div>\n\t\t<\/div>\n\t\t\t\t\t\t<\/div>\n\t\t\t\t<\/div>\n\t\t\t\t<div class=\"elementor-element elementor-element-d6bcca4 elementor-widget elementor-widget-heading\" data-id=\"d6bcca4\" data-element_type=\"widget\" data-e-type=\"widget\" data-widget_type=\"heading.default\">\n\t\t\t\t<div class=\"elementor-widget-container\">\n\t\t\t\t\t<h1 class=\"elementor-heading-title elementor-size-default\">Gesch\u00e4ftsbedingungen\n<\/h1>\t\t\t\t<\/div>\n\t\t\t\t<\/div>\n\t\t\t\t<div class=\"elementor-element elementor-element-610dd23 elementor-widget elementor-widget-text-editor\" data-id=\"610dd23\" data-element_type=\"widget\" data-e-type=\"widget\" data-widget_type=\"text-editor.default\">\n\t\t\t\t<div class=\"elementor-widget-container\">\n\t\t\t\t\t\t\t\t\t<p>Willkommen bei Altrixsync, Ihrer ersten Adresse f\u00fcr automatisierte Handelssignale. Durch die Nutzung unserer Dienste erkl\u00e4ren Sie sich mit den folgenden Allgemeinen Gesch\u00e4ftsbedingungen einverstanden. Bitte lesen Sie diese sorgf\u00e4ltig durch, bevor Sie Transaktionen oder Abonnements abschlie\u00dfen.<\/p>\t\t\t\t\t\t\t\t<\/div>\n\t\t\t\t<\/div>\n\t\t\t\t<div class=\"elementor-element elementor-element-69f1315 elementor-widget elementor-widget-heading\" data-id=\"69f1315\" data-element_type=\"widget\" data-e-type=\"widget\" data-widget_type=\"heading.default\">\n\t\t\t\t<div class=\"elementor-widget-container\">\n\t\t\t\t\t<h2 class=\"elementor-heading-title elementor-size-default\">Gesch\u00e4ftsbedingungen<\/h2>\t\t\t\t<\/div>\n\t\t\t\t<\/div>\n\t\t\t\t<div class=\"elementor-element elementor-element-9cc1b6a elementor-widget elementor-widget-text-editor\" data-id=\"9cc1b6a\" data-element_type=\"widget\" data-e-type=\"widget\" data-widget_type=\"text-editor.default\">\n\t\t\t\t<div class=\"elementor-widget-container\">\n\t\t\t\t\t\t\t\t\t<p>Zustimmung zu den Bedingungen: Durch den Zugriff auf oder die Nutzung von Altrixsync best\u00e4tigen Sie, dass Sie diese Allgemeinen Gesch\u00e4ftsbedingungen gelesen und verstanden haben und ihnen zustimmen. Sollten Sie mit einem Teil dieser Bedingungen nicht einverstanden sein, d\u00fcrfen Sie unsere Dienste nicht nutzen.<br \/>Beschreibung der Leistungen,<b> Altrixsync<\/b><b>\u00a0<\/b>bietet Online-Handelsroboter f\u00fcr verschiedene Finanzm\u00e4rkte an. Unsere propriet\u00e4ren Algorithmen generieren Handelsergebnisse basierend auf Marktanalysen. Bitte beachten Sie jedoch, dass vergangene Performances keine Garantie f\u00fcr zuk\u00fcnftige Ergebnisse darstellen und der Handel mit Risiken verbunden ist.<\/p><p>Benutzerberechtigung: Sie m\u00fcssen mindestens 18 Jahre alt und rechtlich befugt sein, Vertr\u00e4ge zur Nutzung unserer Dienste abzuschlie\u00dfen. Durch den Zugriff auf Altrixsync best\u00e4tigen Sie, dass Sie diese Anforderungen erf\u00fcllen und f\u00fcr die Einhaltung aller geltenden Gesetze und Vorschriften in Ihrer Gerichtsbarkeit verantwortlich sind.<\/p><p>Abonnement und Zahlung f\u00fcr den Zugriff auf unseren Roboter\u00a0<a href=\"https:\/\/www.investopedia.com\/terms\/t\/trade-signal.asp\" target=\"_blank\" rel=\"noopener\">Handelssignale<\/a>M\u00f6glicherweise m\u00fcssen Sie einen unserer Servicepl\u00e4ne abonnieren. Die Abonnementgeb\u00fchren werden auf unserer Website deutlich ausgewiesen, und Sie verpflichten sich, die angegebenen Geb\u00fchren f\u00fcr die gew\u00e4hlte Laufzeit zu zahlen. Zahlungen sind nicht erstattungsf\u00e4hig, und Sie tragen die Verantwortung f\u00fcr alle im Zusammenhang mit den Transaktionen anfallenden Steuern und Geb\u00fchren.<\/p><p>Risiken und Haftung: Der Handel birgt finanzielle Risiken. Obwohl unser Roboter genaue Informationen liefern soll, k\u00f6nnen wir keine Gewinne garantieren oder Verluste verhindern. Sie erkennen an, dass Sie allein f\u00fcr die Ergebnisse Ihrer Handelsentscheidungen und alle finanziellen Folgen, die sich aus der Nutzung unserer Dienste ergeben, verantwortlich sind. Altrixsync, seine verbundenen Unternehmen und Mitarbeiter haften nicht f\u00fcr Verluste, die durch die Nutzung unserer Dienste entstehen.<\/p><p>Nur f\u00fcr den pers\u00f6nlichen Gebrauch. Die von Altrixsync bereitgestellten Signale sind nur f\u00fcr Ihren pers\u00f6nlichen Gebrauch bestimmt. Es ist Ihnen strengstens untersagt, unsere Signale ohne vorherige schriftliche Zustimmung von Altrixsync weiterzuverbreiten, weiterzuverkaufen oder anderweitig kommerziell zu nutzen.<\/p><p>Conduite de l'utilisateur\u00a0: Vous vous engagez \u00e0 utiliser nos services conform\u00e9ment \u00e0 toutes les lois et r\u00e9glementations applicables. Vous ne devez entreprendre aucune activit\u00e9 susceptible de perturber, d'endommager ou de compromettre le fonctionnement d'Altrixsync ou de ses services associ\u00e9s.<\/p><p>Geistiges Eigentum Alle Inhalte, einschlie\u00dflich, aber nicht beschr\u00e4nkt auf Logos, Marken, Texte, Bilder und Software, die auf Altrixsync verwendet werden, sind durch Gesetze zum Schutz geistigen Eigentums gesch\u00fctzt und ausschlie\u00dfliches Eigentum von Altrixsync oder seinen Lizenzgebern. Sie d\u00fcrfen Inhalte ohne unsere ausdr\u00fcckliche schriftliche Zustimmung nicht verwenden, reproduzieren, \u00e4ndern oder verbreiten.<\/p><p>Beendigung der Dienste Altrixsync<b>\u00a0<\/b>beh\u00e4lt sich das Recht vor, Ihren Zugriff auf unsere Dienste jederzeit und aus beliebigem Grund auszusetzen oder zu beenden, einschlie\u00dflich des Verdachts auf Versto\u00df gegen diese Allgemeinen Gesch\u00e4ftsbedingungen oder der Beteiligung an betr\u00fcgerischen Aktivit\u00e4ten.<\/p><p class=\"translation-block\">\u00c4nderungen der Bedingungen<b>Altrixsync<\/b>kann diese Allgemeinen Gesch\u00e4ftsbedingungen jederzeit und ohne vorherige Ank\u00fcndigung aktualisieren oder \u00e4ndern. Indem Sie unsere Dienste nach solchen \u00c4nderungen weiterhin nutzen, erkl\u00e4ren Sie sich mit den aktualisierten Allgemeinen Gesch\u00e4ftsbedingungen einverstanden.<\/p><p>Datenschutzrichtlinie Ihre Privatsph\u00e4re ist uns wichtig. Bitte lesen Sie unsere Datenschutzrichtlinie, um zu erfahren, wie wir Ihre pers\u00f6nlichen Daten erheben, verwenden und sch\u00fctzen.<\/p><p>Geltendes Recht und Gerichtsstand Diese Allgemeinen Gesch\u00e4ftsbedingungen unterliegen den geltenden Gesetzen und werden entsprechend ausgelegt, ungeachtet der Kollisionsnormen. S\u00e4mtliche Streitigkeiten, die sich aus diesen Bedingungen ergeben oder damit in Zusammenhang stehen, unterliegen der ausschlie\u00dflichen Zust\u00e4ndigkeit der Gerichte.<\/p><p class=\"translation-block\">Der Handelsalgorithmus-Roboter\u00a0<b>erfordert die Handelssoftware MetaTrader 5 und einen Broker-Service<\/b>\u00a0, um Kauf- und Verkaufsauftr\u00e4ge auszuf\u00fchren und bei Bedarf Liquidit\u00e4t bereitzustellen.<\/p>\t\t\t\t\t\t\t\t<\/div>\n\t\t\t\t<\/div>\n\t\t\t\t<div class=\"elementor-element elementor-element-91b1c6c elementor-widget elementor-widget-text-editor\" data-id=\"91b1c6c\" data-element_type=\"widget\" data-e-type=\"widget\" data-widget_type=\"text-editor.default\">\n\t\t\t\t<div class=\"elementor-widget-container\">\n\t\t\t\t\t\t\t\t\t<p><b>Der Kunde muss die Allgemeinen Gesch\u00e4ftsbedingungen des Maklers lesen und akzeptieren.<\/b><\/p><p>By using Altrixsync, you agree to these Terms and Conditions, and we look forward to providing you with a robot trading service. If you have any questions or concerns, please contact our customer support team\u00a0 at <a href=\"mailto:support@altrixsync.pro\">support@altrixsync.pro<\/a><\/p>\t\t\t\t\t\t\t\t<\/div>\n\t\t\t\t<\/div>\n\t\t\t\t<div class=\"elementor-element elementor-element-8a26e59 elementor-widget elementor-widget-spacer\" data-id=\"8a26e59\" data-element_type=\"widget\" data-e-type=\"widget\" data-widget_type=\"spacer.default\">\n\t\t\t\t<div class=\"elementor-widget-container\">\n\t\t\t\t\t\t\t<div class=\"elementor-spacer\">\n\t\t\t<div class=\"elementor-spacer-inner\"><\/div>\n\t\t<\/div>\n\t\t\t\t\t\t<\/div>\n\t\t\t\t<\/div>\n\t\t\t\t\t<\/div>\n\t\t\t\t<\/div>\n\t\t\t\t<\/div>","protected":false},"excerpt":{"rendered":"<p>Terms and Conditions Welcome to\u00a0 Altrixsync, your premier destination for automated robot trading signals. By using our services, you agree to be bound by the following Terms and Conditions. Please read them carefully before proceeding with any transactions or subscriptions. Terms and Conditions Acceptance of Terms By accessing or using Altrixsync, you acknowledge that you [&hellip;]<\/p>\n","protected":false},"author":1,"featured_media":0,"parent":0,"menu_order":0,"comment_status":"closed","ping_status":"closed","template":"","meta":{"footnotes":""},"class_list":["post-1062","page","type-page","status-publish","hentry"],"_links":{"self":[{"href":"https:\/\/altrixsync.pro\/de\/wp-json\/wp\/v2\/pages\/1062","targetHints":{"allow":["GET"]}}],"collection":[{"href":"https:\/\/altrixsync.pro\/de\/wp-json\/wp\/v2\/pages"}],"about":[{"href":"https:\/\/altrixsync.pro\/de\/wp-json\/wp\/v2\/types\/page"}],"author":[{"embeddable":true,"href":"https:\/\/altrixsync.pro\/de\/wp-json\/wp\/v2\/users\/1"}],"replies":[{"embeddable":true,"href":"https:\/\/altrixsync.pro\/de\/wp-json\/wp\/v2\/comments?post=1062"}],"version-history":[{"count":0,"href":"https:\/\/altrixsync.pro\/de\/wp-json\/wp\/v2\/pages\/1062\/revisions"}],"wp:attachment":[{"href":"https:\/\/altrixsync.pro\/de\/wp-json\/wp\/v2\/media?parent=1062"}],"curies":[{"name":"wp","href":"https:\/\/api.w.org\/{rel}","templated":true}]}}