{"id":1000,"date":"2024-05-02T08:53:55","date_gmt":"2024-05-02T08:53:55","guid":{"rendered":"https:\/\/altrixsync.pro\/?page_id=1000"},"modified":"2025-04-30T10:35:16","modified_gmt":"2025-04-30T10:35:16","slug":"datenschutzrichtlinie","status":"publish","type":"page","link":"https:\/\/altrixsync.pro\/de\/privacy-policy\/","title":{"rendered":"Datenschutzrichtlinie"},"content":{"rendered":"<div data-elementor-type=\"wp-page\" data-elementor-id=\"1000\" class=\"elementor elementor-1000\" data-elementor-post-type=\"page\">\n\t\t\t\t<div class=\"elementor-element elementor-element-1069f53 e-flex e-con-boxed e-con e-parent\" data-id=\"1069f53\" data-element_type=\"container\" data-e-type=\"container\">\n\t\t\t\t\t<div class=\"e-con-inner\">\n\t\t\t\t<div class=\"elementor-element elementor-element-06ce001 elementor-widget elementor-widget-spacer\" data-id=\"06ce001\" data-element_type=\"widget\" data-e-type=\"widget\" data-widget_type=\"spacer.default\">\n\t\t\t\t<div class=\"elementor-widget-container\">\n\t\t\t\t\t\t\t<div class=\"elementor-spacer\">\n\t\t\t<div class=\"elementor-spacer-inner\"><\/div>\n\t\t<\/div>\n\t\t\t\t\t\t<\/div>\n\t\t\t\t<\/div>\n\t\t\t\t<div class=\"elementor-element elementor-element-7ac1748 elementor-widget elementor-widget-heading\" data-id=\"7ac1748\" data-element_type=\"widget\" data-e-type=\"widget\" data-widget_type=\"heading.default\">\n\t\t\t\t<div class=\"elementor-widget-container\">\n\t\t\t\t\t<h1 class=\"elementor-heading-title elementor-size-default\">Datenschutzrichtlinie <\/h1>\t\t\t\t<\/div>\n\t\t\t\t<\/div>\n\t\t\t\t<div class=\"elementor-element elementor-element-9511253 elementor-widget elementor-widget-text-editor\" data-id=\"9511253\" data-element_type=\"widget\" data-e-type=\"widget\" data-widget_type=\"text-editor.default\">\n\t\t\t\t<div class=\"elementor-widget-container\">\n\t\t\t\t\t\t\t\t\t<p>Diese Datenschutzrichtlinie gilt f\u00fcr Altrixsync (nachfolgend \u201eAnwendung\u201c genannt) f\u00fcr Mobilger\u00e4te (nachfolgend \u201eDienstanbieter\u201c genannt) als kostenlosen Dienst. Dieser Dienst ist zur Nutzung \u201eim Ist-Zustand\u201c vorgesehen.<\/p>\t\t\t\t\t\t\t\t<\/div>\n\t\t\t\t<\/div>\n\t\t\t\t<div class=\"elementor-element elementor-element-e1856c5 elementor-widget elementor-widget-heading\" data-id=\"e1856c5\" data-element_type=\"widget\" data-e-type=\"widget\" data-widget_type=\"heading.default\">\n\t\t\t\t<div class=\"elementor-widget-container\">\n\t\t\t\t\t<h2 class=\"elementor-heading-title elementor-size-default\">Erfassung und Verwendung von Informationen<\/h2>\t\t\t\t<\/div>\n\t\t\t\t<\/div>\n\t\t\t\t<div class=\"elementor-element elementor-element-668746b elementor-widget elementor-widget-text-editor\" data-id=\"668746b\" data-element_type=\"widget\" data-e-type=\"widget\" data-widget_type=\"text-editor.default\">\n\t\t\t\t<div class=\"elementor-widget-container\">\n\t\t\t\t\t\t\t\t\t<p>Die Anwendung sammelt Informationen, wenn Sie sie herunterladen und verwenden. Diese Informationen k\u00f6nnen Informationen enthalten wie<\/p><ul><li>Die Internetprotokolladresse Ihres Ger\u00e4ts (z. B. IP-Adresse)<\/li><li>Die f\u00fcr die Bewerbung aufgewendete Zeit<\/li><li>Das Betriebssystem, das Sie auf Ihrem Mobilger\u00e4t verwenden\u00a0<\/li><\/ul><p>Die Anwendung sammelt keine genauen Informationen \u00fcber den Standort Ihres Mobilger\u00e4ts.\u00a0<\/p><p>Der Dienstanbieter kann die von Ihnen bereitgestellten Informationen verwenden, um Sie von Zeit zu Zeit zu kontaktieren und Ihnen wichtige Informationen, erforderliche Mitteilungen und Marketingaktionen zukommen zu lassen.<\/p><p>F\u00fcr ein optimales Nutzungserlebnis kann der Dienstanbieter Sie bei der Nutzung der Anwendung auffordern, uns bestimmte personenbezogene Daten, einschlie\u00dflich, aber nicht beschr\u00e4nkt auf Vorname, Nachname, E-Mail-Adresse und Telefonnummer, mitzuteilen. Die vom Dienstanbieter angeforderten Informationen werden von ihm gespeichert und gem\u00e4\u00df dieser Datenschutzrichtlinie verwendet.<\/p>\t\t\t\t\t\t\t\t<\/div>\n\t\t\t\t<\/div>\n\t\t\t\t<div class=\"elementor-element elementor-element-518e2c3 elementor-widget elementor-widget-heading\" data-id=\"518e2c3\" data-element_type=\"widget\" data-e-type=\"widget\" data-widget_type=\"heading.default\">\n\t\t\t\t<div class=\"elementor-widget-container\">\n\t\t\t\t\t<h2 class=\"elementor-heading-title elementor-size-default\">Zugriff durch Dritte<\/h2>\t\t\t\t<\/div>\n\t\t\t\t<\/div>\n\t\t\t\t<div class=\"elementor-element elementor-element-1f6893b elementor-widget elementor-widget-text-editor\" data-id=\"1f6893b\" data-element_type=\"widget\" data-e-type=\"widget\" data-widget_type=\"text-editor.default\">\n\t\t\t\t<div class=\"elementor-widget-container\">\n\t\t\t\t\t\t\t\t\t<p>Nur aggregierte, anonymisierte Daten werden regelm\u00e4\u00dfig an externe Dienste \u00fcbermittelt, um den Dienstanbieter bei der Verbesserung der Anwendung und seines Dienstes zu unterst\u00fctzen. Der Dienstanbieter kann Ihre Daten gem\u00e4\u00df den in dieser Datenschutzerkl\u00e4rung beschriebenen Methoden an Dritte weitergeben.<\/p><p>Bitte beachten Sie, dass die Anwendung Dienste von Drittanbietern nutzt, die \u00fcber eigene Datenschutzrichtlinien zum Umgang mit Daten verf\u00fcgen. Nachfolgend finden Sie die Links zu den Datenschutzrichtlinien der von der Anwendung genutzten Drittanbieter:<\/p><ul><li><a href=\"https:\/\/www.google.com\/policies\/privacy\/\" target=\"_blank\" rel=\"noopener\">Google Play-Dienste<\/a><\/li><\/ul><p>Der Dienstanbieter kann vom Benutzer bereitgestellte und automatisch erfasste Informationen offenlegen:<\/p><ul><li>wie gesetzlich vorgeschrieben, beispielsweise um einer Vorladung oder einem \u00e4hnlichen Rechtsverfahren nachzukommen;<\/li><li>wenn sie in gutem Glauben davon ausgehen, dass die Offenlegung zum Schutz ihrer Rechte, zum Schutz Ihrer Sicherheit oder der Sicherheit anderer, zur Untersuchung von Betrug oder zur Beantwortung einer beh\u00f6rdlichen Anfrage erforderlich ist;<\/li><li>mit ihren vertrauensw\u00fcrdigen Dienstleistern, die in ihrem Auftrag arbeiten, keinen eigenst\u00e4ndigen Gebrauch von den Informationen machen, die wir ihnen offenlegen, und sich verpflichtet haben, die in dieser Datenschutzerkl\u00e4rung dargelegten Regeln einzuhalten.<\/li><\/ul>\t\t\t\t\t\t\t\t<\/div>\n\t\t\t\t<\/div>\n\t\t\t\t<div class=\"elementor-element elementor-element-8294123 elementor-widget elementor-widget-heading\" data-id=\"8294123\" data-element_type=\"widget\" data-e-type=\"widget\" data-widget_type=\"heading.default\">\n\t\t\t\t<div class=\"elementor-widget-container\">\n\t\t\t\t\t<h2 class=\"elementor-heading-title elementor-size-default\">Opt-Out-Rechte<\/h2>\t\t\t\t<\/div>\n\t\t\t\t<\/div>\n\t\t\t\t<div class=\"elementor-element elementor-element-72308a6 elementor-widget elementor-widget-text-editor\" data-id=\"72308a6\" data-element_type=\"widget\" data-e-type=\"widget\" data-widget_type=\"text-editor.default\">\n\t\t\t\t<div class=\"elementor-widget-container\">\n\t\t\t\t\t\t\t\t\t<p>Sie k\u00f6nnen die Erfassung von Informationen durch die Anwendung ganz einfach beenden, indem Sie sie deinstallieren. Sie k\u00f6nnen die Standard-Deinstallationsprozesse verwenden, die auf Ihrem Mobilger\u00e4t oder \u00fcber den Marktplatz bzw. das Netzwerk der mobilen Anwendung verf\u00fcgbar sind.<\/p>\t\t\t\t\t\t\t\t<\/div>\n\t\t\t\t<\/div>\n\t\t\t\t<div class=\"elementor-element elementor-element-13e6ac8 elementor-widget elementor-widget-heading\" data-id=\"13e6ac8\" data-element_type=\"widget\" data-e-type=\"widget\" data-widget_type=\"heading.default\">\n\t\t\t\t<div class=\"elementor-widget-container\">\n\t\t\t\t\t<h2 class=\"elementor-heading-title elementor-size-default\">Richtlinie zur Datenaufbewahrung<\/h2>\t\t\t\t<\/div>\n\t\t\t\t<\/div>\n\t\t\t\t<div class=\"elementor-element elementor-element-0329526 elementor-widget elementor-widget-text-editor\" data-id=\"0329526\" data-element_type=\"widget\" data-e-type=\"widget\" data-widget_type=\"text-editor.default\">\n\t\t\t\t<div class=\"elementor-widget-container\">\n\t\t\t\t\t\t\t\t\t<p>Der Dienstanbieter speichert die vom Benutzer bereitgestellten Daten f\u00fcr die Dauer Ihrer Nutzung der Anwendung und f\u00fcr einen angemessenen Zeitraum danach. Wenn Sie m\u00f6chten, dass der Dienstanbieter die von Ihnen \u00fcber die Anwendung bereitgestellten Daten l\u00f6scht, kontaktieren Sie ihn bitte unter <a href=\"mailto:support@altrixsync.pro\"><strong>support@altrixsync.pro<\/strong><\/a> und sie werden innerhalb einer angemessenen Zeit antworten.<\/p>\t\t\t\t\t\t\t\t<\/div>\n\t\t\t\t<\/div>\n\t\t\t\t<div class=\"elementor-element elementor-element-eb4c3ef elementor-widget elementor-widget-heading\" data-id=\"eb4c3ef\" data-element_type=\"widget\" data-e-type=\"widget\" data-widget_type=\"heading.default\">\n\t\t\t\t<div class=\"elementor-widget-container\">\n\t\t\t\t\t<h2 class=\"elementor-heading-title elementor-size-default\">Kinder<\/h2>\t\t\t\t<\/div>\n\t\t\t\t<\/div>\n\t\t\t\t<div class=\"elementor-element elementor-element-89ff289 elementor-widget elementor-widget-text-editor\" data-id=\"89ff289\" data-element_type=\"widget\" data-e-type=\"widget\" data-widget_type=\"text-editor.default\">\n\t\t\t\t<div class=\"elementor-widget-container\">\n\t\t\t\t\t\t\t\t\t<p>Der Dienstanbieter nutzt die Anwendung nicht, um wissentlich Daten von Kindern unter 18 Jahren anzufordern oder diese zu vermarkten.<\/p><p>Die Anwendung richtet sich nicht an Personen unter 18 Jahren. Der Dienstanbieter erhebt wissentlich keine personenbezogenen Daten von Kindern unter 18 Jahren. Sollte der Dienstanbieter feststellen, dass ein Kind unter 18 Jahren personenbezogene Daten \u00fcbermittelt hat, l\u00f6scht er diese umgehend von seinen Servern. Wenn Sie als Elternteil oder Erziehungsberechtigter wissen, dass Ihr Kind uns personenbezogene Daten \u00fcbermittelt hat, wenden Sie sich bitte an den Dienstanbieter (<strong>support@altrixsync.pro<\/strong>), damit sie die notwendigen Ma\u00dfnahmen ergreifen k\u00f6nnen.<\/p>\t\t\t\t\t\t\t\t<\/div>\n\t\t\t\t<\/div>\n\t\t\t\t<div class=\"elementor-element elementor-element-829b0fd elementor-widget elementor-widget-heading\" data-id=\"829b0fd\" data-element_type=\"widget\" data-e-type=\"widget\" data-widget_type=\"heading.default\">\n\t\t\t\t<div class=\"elementor-widget-container\">\n\t\t\t\t\t<h2 class=\"elementor-heading-title elementor-size-default\">Sicherheit\n<\/h2>\t\t\t\t<\/div>\n\t\t\t\t<\/div>\n\t\t\t\t<div class=\"elementor-element elementor-element-1e20ac2 elementor-widget elementor-widget-text-editor\" data-id=\"1e20ac2\" data-element_type=\"widget\" data-e-type=\"widget\" data-widget_type=\"text-editor.default\">\n\t\t\t\t<div class=\"elementor-widget-container\">\n\t\t\t\t\t\t\t\t\t<p>Diese Datenschutzrichtlinie kann aus beliebigen Gr\u00fcnden von Zeit zu Zeit aktualisiert werden. Der Dienstanbieter informiert Sie \u00fcber \u00c4nderungen der Datenschutzrichtlinie, indem er diese Seite mit der neuen Datenschutzrichtlinie aktualisiert. Wir empfehlen Ihnen, diese Datenschutzrichtlinie regelm\u00e4\u00dfig auf \u00c4nderungen zu pr\u00fcfen, da die fortgesetzte Nutzung als Zustimmung zu allen \u00c4nderungen gilt.<\/p><p>Diese Datenschutzrichtlinie ist ab dem 01.01.2024 g\u00fcltig.<\/p>\t\t\t\t\t\t\t\t<\/div>\n\t\t\t\t<\/div>\n\t\t\t\t<div class=\"elementor-element elementor-element-06fba82 elementor-widget elementor-widget-heading\" data-id=\"06fba82\" data-element_type=\"widget\" data-e-type=\"widget\" data-widget_type=\"heading.default\">\n\t\t\t\t<div class=\"elementor-widget-container\">\n\t\t\t\t\t<h2 class=\"elementor-heading-title elementor-size-default\">Ihre Zustimmung\n<\/h2>\t\t\t\t<\/div>\n\t\t\t\t<\/div>\n\t\t\t\t<div class=\"elementor-element elementor-element-da9f1b2 elementor-widget elementor-widget-text-editor\" data-id=\"da9f1b2\" data-element_type=\"widget\" data-e-type=\"widget\" data-widget_type=\"text-editor.default\">\n\t\t\t\t<div class=\"elementor-widget-container\">\n\t\t\t\t\t\t\t\t\tDurch die Nutzung der Anwendung stimmen Sie der Verarbeitung Ihrer Daten gem\u00e4\u00df dieser Datenschutzrichtlinie in der aktuellen und von uns ge\u00e4nderten Fassung zu.\t\t\t\t\t\t\t\t<\/div>\n\t\t\t\t<\/div>\n\t\t\t\t<div class=\"elementor-element elementor-element-0ffe6f9 elementor-widget elementor-widget-heading\" data-id=\"0ffe6f9\" data-element_type=\"widget\" data-e-type=\"widget\" data-widget_type=\"heading.default\">\n\t\t\t\t<div class=\"elementor-widget-container\">\n\t\t\t\t\t<h2 class=\"elementor-heading-title elementor-size-default\">Kontaktieren Sie uns\n<\/h2>\t\t\t\t<\/div>\n\t\t\t\t<\/div>\n\t\t\t\t<div class=\"elementor-element elementor-element-e1b63d7 elementor-widget elementor-widget-text-editor\" data-id=\"e1b63d7\" data-element_type=\"widget\" data-e-type=\"widget\" data-widget_type=\"text-editor.default\">\n\t\t\t\t<div class=\"elementor-widget-container\">\n\t\t\t\t\t\t\t\t\tWenn Sie Fragen zum Datenschutz bei der Nutzung der Anwendung haben oder Fragen zu den Praktiken haben, wenden Sie sich bitte per E-Mail an den Dienstanbieter unter <strong>support@altrixsync.pro<\/strong>.\t\t\t\t\t\t\t\t<\/div>\n\t\t\t\t<\/div>\n\t\t\t\t<div class=\"elementor-element elementor-element-30ba81f elementor-widget elementor-widget-spacer\" data-id=\"30ba81f\" data-element_type=\"widget\" data-e-type=\"widget\" data-widget_type=\"spacer.default\">\n\t\t\t\t<div class=\"elementor-widget-container\">\n\t\t\t\t\t\t\t<div class=\"elementor-spacer\">\n\t\t\t<div class=\"elementor-spacer-inner\"><\/div>\n\t\t<\/div>\n\t\t\t\t\t\t<\/div>\n\t\t\t\t<\/div>\n\t\t\t\t\t<\/div>\n\t\t\t\t<\/div>\n\t\t\t\t<\/div>","protected":false},"excerpt":{"rendered":"<p>Privacy Policy This privacy policy applies to the Altrixsync (hereby referred to as \u201cApplication\u201d) for mobile devices (hereby referred to as \u201cService Provider\u201d) as a Free service. This service is intended for use \u201cAS IS\u201d. Information Collection and Use The Application collects information when you download and use it. This information may include information such [&hellip;]<\/p>\n","protected":false},"author":1,"featured_media":0,"parent":0,"menu_order":0,"comment_status":"closed","ping_status":"closed","template":"","meta":{"footnotes":""},"class_list":["post-1000","page","type-page","status-publish","hentry"],"_links":{"self":[{"href":"https:\/\/altrixsync.pro\/de\/wp-json\/wp\/v2\/pages\/1000","targetHints":{"allow":["GET"]}}],"collection":[{"href":"https:\/\/altrixsync.pro\/de\/wp-json\/wp\/v2\/pages"}],"about":[{"href":"https:\/\/altrixsync.pro\/de\/wp-json\/wp\/v2\/types\/page"}],"author":[{"embeddable":true,"href":"https:\/\/altrixsync.pro\/de\/wp-json\/wp\/v2\/users\/1"}],"replies":[{"embeddable":true,"href":"https:\/\/altrixsync.pro\/de\/wp-json\/wp\/v2\/comments?post=1000"}],"version-history":[{"count":0,"href":"https:\/\/altrixsync.pro\/de\/wp-json\/wp\/v2\/pages\/1000\/revisions"}],"wp:attachment":[{"href":"https:\/\/altrixsync.pro\/de\/wp-json\/wp\/v2\/media?parent=1000"}],"curies":[{"name":"wp","href":"https:\/\/api.w.org\/{rel}","templated":true}]}}